{"id":81,"date":"2020-06-25T15:08:22","date_gmt":"2020-06-25T15:08:22","guid":{"rendered":"https:\/\/ozapato.com\/pr\/?page_id=81"},"modified":"2020-06-30T09:30:48","modified_gmt":"2020-06-30T09:30:48","slug":"zapatos-para-hosteleria","status":"publish","type":"page","link":"https:\/\/ozapato.com\/pr\/zapatos-para-hosteleria\/","title":{"rendered":"Hosteler\u00eda"},"content":{"rendered":"<p>[vc_row video_bg=\u00bbyes\u00bb video_bg_url=\u00bbhttps:\/\/www.youtube.com\/watch?v=__oq67bsM8A&amp;t=13s \u00ab][vc_column][vc_column_text]<\/p>\n<h3 style=\"text-align: center\"><span style=\"color: #ffffff\">HOSTELER\u00cdA<\/span><\/h3>\n<p>[\/vc_column_text][\/vc_column][\/vc_row][vc_row][vc_column][vc_empty_space][\/vc_column][\/vc_row][vc_row type=\u00bbboxed\u00bb][vc_column width=\u00bb1\/4&#8243;][\/vc_column][vc_column width=\u00bb1\/2&#8243;][vc_column_text]<\/p>\n<h3 style=\"text-align: center\"><strong><span style=\"color: #000000\"><span style=\"font-family: Arial, sans-serif\"><span style=\"font-size: large\">\u00a0ZAPATOS PARA HOSTELER\u00cdA DE PUERTO RICO<\/span><\/span><\/span><\/strong><\/h3>\n<p><span style=\"color: #000000\"><span style=\"font-family: Arial, sans-serif\"><span style=\"font-size: large\"><em><strong>\u00a1Nuevos zapatos para la hosteler\u00eda!<\/strong><\/em> El sector del turismo y de la hosteler\u00eda son una de las fortalezas econ\u00f3micas del pa\u00eds. Generando un incremento del 3,9% de puesto de trabajos en hoteles, restaurantes, bares y otros. <\/span><\/span><\/span><\/p>\n<p><span style=\"color: #000000\"><span style=\"font-family: Arial, sans-serif\"><span style=\"font-size: large\">Por est\u00e1 raz\u00f3n, OZAPATO, dise\u00f1o los zapatos de seguridad ultraligeros para<a href=\"https:\/\/ozapato.com\/cr\/zapatos-para-restaurantes\/\"><strong><em> camareros y chef<\/em><\/strong>.<\/a><\/span><\/span><\/span><\/p>\n<p><span style=\"color: #000000\"><span style=\"font-family: Arial, sans-serif\"><span style=\"font-size: large\">El modelo <strong>OXFORD<\/strong>, son zapatillas de color negro y con suela:<\/span><\/span><\/span><\/p>\n<p><span style=\"color: #000000\"><span style=\"font-family: Arial, sans-serif\"><span style=\"font-size: large\">Zapatos con suelas super flexible, muy antideslizante. Tendr\u00e1 una excelente tracci\u00f3n en terrenos humedos y pisos mojados.<\/span><\/span><\/span><\/p>\n<ul>\n<li><span style=\"font-family: Arial, sans-serif;color: #000000\"><span style=\"font-size: large\"><strong>Suela<\/strong> totalmente cosida y sellada, resistente a la humedad.<\/span><\/span><\/li>\n<li><span style=\"font-family: Arial, sans-serif;color: #000000\"><span style=\"font-size: large\"><strong>Cuero<\/strong> full grain premium graso.<\/span><\/span><\/li>\n<li><span style=\"font-family: Arial, sans-serif;color: #000000\"><span style=\"font-size: large\"><strong>Bull\u00f3n interior<\/strong> antimicrobiano manteniendo el pie seco y reduciendo al m\u00ednimo los olores.<\/span><\/span><\/li>\n<li><span style=\"font-family: Arial, sans-serif;color: #000000\"><span style=\"font-size: large\"><strong>Plantilla<\/strong> \u00a0acolchada, lavable.<\/span><\/span><\/li>\n<\/ul>\n<p>[\/vc_column_text][\/vc_column][vc_column width=\u00bb1\/4&#8243;][\/vc_column][\/vc_row][vc_row][vc_column][vc_empty_space][\/vc_column][\/vc_row][vc_row type=\u00bbboxed\u00bb][vc_column][vc_cta h2=\u00bb\u00bb css=\u00bb.vc_custom_1593097378680{background-color: #dd3333 !important;}\u00bb]<\/p>\n<h4 style=\"text-align: center\"><span style=\"color: #ffffff\">\u00bfInteresado en zapatos para hosteler\u00eda? Cotizaci\u00f3n en 24 hs.<\/span><\/h4>\n<p>[\/vc_cta][\/vc_column][\/vc_row][vc_row type=\u00bbboxed\u00bb][vc_column][vc_column_text]<iframe loading=\"lazy\" height=\"800px\" width=\"100%\" frameborder=\"0\" allow=\"geolocation;microphone;camera\" src=\"https:\/\/forms.zohopublic.com\/virtualoffice9264\/form\/PRWebForm\/formperma\/pFBP5xnF1VPgIbGGrne1n3ftU1v4S_liVprNxHJ3mGI\"> <\/iframe>[\/vc_column_text][\/vc_column][\/vc_row][vc_row][vc_column][vc_empty_space][\/vc_column][\/vc_row][vc_row type=\u00bbboxed\u00bb][vc_column][vc_media_grid grid_id=\u00bbvc_gid:1593509423477-8b4032b4-fa49-0&#8243; include=\u00bb84,88,86&#8243;][\/vc_column][\/vc_row][vc_row][vc_column][vc_empty_space][\/vc_column][\/vc_row][vc_row type=\u00bbboxed\u00bb][vc_column width=\u00bb1\/4&#8243;][\/vc_column][vc_column width=\u00bb1\/2&#8243;][vc_column_text]<\/p>\n<h4 style=\"text-align: center\"><span style=\"color: #000000\"><strong>\u00bfPOR QU\u00c9 VIAJAR A PUERTO RICO?<\/strong><\/span><\/h4>\n<p><span style=\"color: #000000\"><span style=\"font-family: Arial, sans-serif\"><span style=\"font-size: large\">Las <strong>mejores playas<\/strong> del Estado Libre Asociado a Puerto Rico tiene mas de 200 playas expandidas por toda la isla.<\/span><\/span><\/span><\/p>\n<p><span style=\"color: #000000\"><span style=\"font-family: Arial, sans-serif\"><span style=\"font-size: large\">Las playas de <a href=\"http:\/\/www.ozapato.com\/pr\/\"><strong>Puerto Rico<\/strong><\/a>, se caracterizan por su arenas blancas y paisajes salvajes y v\u00edrgenes como la <a href=\"https:\/\/www.puertoricobygps.com\/playa-del-tamarindo\/\" target=\"_blank\" rel=\"noopener\">playa de Tamarindo<\/a>.<\/span><\/span><\/span><\/p>\n<p><span style=\"color: #000000\"><span style=\"font-family: Arial, sans-serif\"><span style=\"font-size: large\">El clima tropical de la isla invita a que millones de turistas de todo el mundo a que disfruten de su natural paisaje. Como tambi\u00e9n de su cultura y gastronom\u00eda.<\/span><\/span><\/span><\/p>\n<p><span style=\"color: #000000\"><span style=\"font-family: Arial, sans-serif\"><span style=\"font-size: large\">Seg\u00fan los estudios del ministerio de turismo de Puerto Rico, el a\u00f1o pasado cerca de <strong>5 millones de turista<\/strong> disfrutaron de los lugares mas atractivos e hist\u00f3ricos de Puerto Rico.<\/span><\/span><\/span>[\/vc_column_text][\/vc_column][vc_column width=\u00bb1\/4&#8243;][\/vc_column][\/vc_row][vc_row][vc_column][vc_empty_space][\/vc_column][\/vc_row][vc_row type=\u00bbboxed\u00bb][vc_column][vc_column_text]\t\t<div id=\"sbi_mod_error\" >\n\t\t\t<span>Este mensaje de error solo es visible para los administradores de WordPress<\/span><br\/>\n\t\t\t<p><strong>Error: No se ha encontrado ning\u00fan feed.<\/strong>\n\t\t\t<p>Por favor, ve a la p\u00e1gina de ajustes de Instagram Feed para crear un feed.<\/p>\n\t\t<\/div>\n\t\t[\/vc_column_text][\/vc_column][\/vc_row]<\/p>\n","protected":false},"excerpt":{"rendered":"<p>[vc_row video_bg=\u00bbyes\u00bb video_bg_url=\u00bbhttps:\/\/www.youtube.com\/watch?v=__oq67bsM8A&amp;t=13s \u00ab][vc_column][vc_column_text] HOSTELER\u00cdA [\/vc_column_text][\/vc_column][\/vc_row][vc_row][vc_column][vc_empty_space][\/vc_column][\/vc_row][vc_row type=\u00bbboxed\u00bb][vc_column width=\u00bb1\/4&#8243;][\/vc_column][vc_column width=\u00bb1\/2&#8243;][vc_column_text] \u00a0ZAPATOS PARA HOSTELER\u00cdA DE PUERTO RICO \u00a1Nuevos zapatos para la hosteler\u00eda! El sector del turismo y de la hosteler\u00eda son una de las fortalezas econ\u00f3micas del pa\u00eds. Generando un incremento del 3,9% de puesto de trabajos en hoteles, restaurantes, bares y otros. Por est\u00e1 raz\u00f3n, OZAPATO, [&hellip;]<\/p>\n","protected":false},"author":350,"featured_media":0,"parent":0,"menu_order":0,"comment_status":"closed","ping_status":"closed","template":"page-full-width.php","meta":{"footnotes":""},"class_list":["post-81","page","type-page","status-publish","hentry"],"_links":{"self":[{"href":"https:\/\/ozapato.com\/pr\/wp-json\/wp\/v2\/pages\/81","targetHints":{"allow":["GET"]}}],"collection":[{"href":"https:\/\/ozapato.com\/pr\/wp-json\/wp\/v2\/pages"}],"about":[{"href":"https:\/\/ozapato.com\/pr\/wp-json\/wp\/v2\/types\/page"}],"author":[{"embeddable":true,"href":"https:\/\/ozapato.com\/pr\/wp-json\/wp\/v2\/users\/350"}],"replies":[{"embeddable":true,"href":"https:\/\/ozapato.com\/pr\/wp-json\/wp\/v2\/comments?post=81"}],"version-history":[{"count":5,"href":"https:\/\/ozapato.com\/pr\/wp-json\/wp\/v2\/pages\/81\/revisions"}],"predecessor-version":[{"id":174,"href":"https:\/\/ozapato.com\/pr\/wp-json\/wp\/v2\/pages\/81\/revisions\/174"}],"wp:attachment":[{"href":"https:\/\/ozapato.com\/pr\/wp-json\/wp\/v2\/media?parent=81"}],"curies":[{"name":"wp","href":"https:\/\/api.w.org\/{rel}","templated":true}]}}