{"id":321,"date":"2022-08-18T19:39:45","date_gmt":"2022-08-18T19:39:45","guid":{"rendered":"https:\/\/ozapato.com\/sv\/?post_type=product&#038;p=321"},"modified":"2022-08-18T19:39:45","modified_gmt":"2022-08-18T19:39:45","slug":"cop-01","status":"publish","type":"product","link":"https:\/\/ozapato.com\/sv\/product\/cop-01\/","title":{"rendered":"Cop 01"},"content":{"rendered":"<p>[vc_row][vc_column][vc_column_text]<\/p>\n<ul>\n<li>Botas militares y t\u00e1cticas.<\/li>\n<li>Bota t\u00e1ctica ideal para fuerzas publicas y cuerpos de seguridad en Panam\u00e1<\/li>\n<li>Suela flexible con resistencia a los golpes, excelente antideslizante.<\/li>\n<li>Suela Slip and Oil Resistant que proporciona una mejor tracci\u00f3n en todas las superficies.<\/li>\n<li>Suela resistente a la humedad\u00a0y\u00a0antifatiga<\/li>\n<li>100% cuero con tecnolog\u00eda waterproof, 100% resistente al agua<\/li>\n<li>Plantilla antiperforaci\u00f3n de kevlar Multi-Protective ultra flex certificada ISO y ASTM.<\/li>\n<li>Puntera de acero certificada <strong>opcional (<a href=\"https:\/\/ozapato.com\/pa\/?s=cop+02&amp;post_type=product\">COP 02)<\/a><\/strong>, resistente a m\u00e1s de 2 toneladas (norma ASTM 2412-2413).<\/li>\n<li>Construcci\u00f3n:\u00a0calzado cosido en lockstitch<\/li>\n<li>Agujetas de poli\u00e9ster con alma de algod\u00f3n resistente para uso prolongado.<\/li>\n<li>Costuras selladas 100% de Nylon.<\/li>\n<li>Ojillos en forma de &#8220;D&#8221; para que la agujeta pueda ser amarrada con facilidad<\/li>\n<li>Altura de 9 pulgadas.<\/li>\n<li><a href=\"https:\/\/workdrive.zohopublic.com\/external\/6Ol2VXoNe8e-JqO1d\/download\" target=\"_blank\" rel=\"noopener\">Ficha t\u00e9cnica<\/a><\/li>\n<\/ul>\n<p>[\/vc_column_text][\/vc_column][\/vc_row][vc_row][vc_column][vc_masonry_media_grid grid_id=&#8221;vc_gid:1660850178289-2a8b7543-04a2-9&#8243; include=&#8221;322,323,324&#8243;][\/vc_column][\/vc_row][vc_row][vc_column][vc_cta h2=&#8221;Reciba una cotizaci\u00f3n en 24 hrs.&#8221; txt_align=&#8221;center&#8221; color=&#8221;black&#8221;][\/vc_cta][vc_column_text]<iframe loading=\"lazy\" height=\"800px\" width=\"100%\" frameborder=\"0\" allow=\"geolocation;microphone;camera\" src=\"https:\/\/forms.zohopublic.com\/virtualoffice9264\/form\/SVWebForm\/formperma\/6bJu-XAmlcMpNNGc0usGtR0x9IziYk_oLRc4Jv881CQ\"> <\/iframe>[\/vc_column_text][\/vc_column][\/vc_row]<\/p>\n","protected":false},"excerpt":{"rendered":"<p><strong>Botas militares y\u00a0 t\u00e1cticas<\/strong> ideal para polic\u00edas y guardias que buscan una bota c\u00f3moda en sus d\u00edas de trabajo. Con su tecnolog\u00eda antifatiga, esta bota le permite estar de pie durante varias horas sin lastimarse el pie.<\/p>\n<p>&nbsp;<\/p>\n","protected":false},"featured_media":325,"comment_status":"open","ping_status":"closed","template":"","meta":[],"product_brand":[],"product_cat":[54],"product_tag":[],"class_list":{"0":"post-321","1":"product","2":"type-product","3":"status-publish","4":"has-post-thumbnail","6":"product_cat-tactica","8":"first","9":"instock","10":"shipping-taxable","11":"product-type-simple"},"_links":{"self":[{"href":"https:\/\/ozapato.com\/sv\/wp-json\/wp\/v2\/product\/321","targetHints":{"allow":["GET"]}}],"collection":[{"href":"https:\/\/ozapato.com\/sv\/wp-json\/wp\/v2\/product"}],"about":[{"href":"https:\/\/ozapato.com\/sv\/wp-json\/wp\/v2\/types\/product"}],"replies":[{"embeddable":true,"href":"https:\/\/ozapato.com\/sv\/wp-json\/wp\/v2\/comments?post=321"}],"wp:featuredmedia":[{"embeddable":true,"href":"https:\/\/ozapato.com\/sv\/wp-json\/wp\/v2\/media\/325"}],"wp:attachment":[{"href":"https:\/\/ozapato.com\/sv\/wp-json\/wp\/v2\/media?parent=321"}],"wp:term":[{"taxonomy":"product_brand","embeddable":true,"href":"https:\/\/ozapato.com\/sv\/wp-json\/wp\/v2\/product_brand?post=321"},{"taxonomy":"product_cat","embeddable":true,"href":"https:\/\/ozapato.com\/sv\/wp-json\/wp\/v2\/product_cat?post=321"},{"taxonomy":"product_tag","embeddable":true,"href":"https:\/\/ozapato.com\/sv\/wp-json\/wp\/v2\/product_tag?post=321"}],"curies":[{"name":"wp","href":"https:\/\/api.w.org\/{rel}","templated":true}]}}