{"id":372,"date":"2022-08-18T21:13:10","date_gmt":"2022-08-18T21:13:10","guid":{"rendered":"https:\/\/ozapato.com\/sv\/?post_type=product&#038;p=372"},"modified":"2024-02-16T19:25:50","modified_gmt":"2024-02-16T19:25:50","slug":"cop-02","status":"publish","type":"product","link":"https:\/\/ozapato.com\/sv\/product\/cop-02\/","title":{"rendered":"Cop 02"},"content":{"rendered":"<p>[vc_row][vc_column][vc_column_text]<\/p>\n<ul>\n<li>Cop son Botas t\u00e1cticas.<\/li>\n<li>Suela flexible con protector frontal con resistencia a los golpes.<\/li>\n<li>Suela antiderrapante y resistente a aceites que proporciona una mejor tracci\u00f3n en todas las superficies.<\/li>\n<li>Suela resistente a la humedad\u00a0y\u00a0antifatiga<\/li>\n<li>100% cuero resistente al agua<\/li>\n<li>Plantilla antiperforaci\u00f3n de kevlar Multi-Protective ultra flex certificada NOM y ASTM.<\/li>\n<li>Puntera de poliamida XL certificada ASTM y NOM, resistente a m\u00e1s de 2 toneladas (norma ASTM 2412-2413).<\/li>\n<li>Construcci\u00f3n:\u00a0calzado cosido en lockstitch<\/li>\n<li>Agujetas de poli\u00e9ster con alma de algod\u00f3n resistente para uso prolongado.<\/li>\n<li>Costuras selladas 100% de Nylon.<\/li>\n<li>Ojillos en forma de \u201cD\u201d para que la agujeta pueda ser amarrada con facilidad<\/li>\n<li>Altura de 9 pulgadas.<\/li>\n<li>Descargar ficha t\u00e9cnica<\/li>\n<li><a href=\"https:\/\/workdrive.zohopublic.com\/external\/6Ol2VXoNe8e-JqO1d\/download\" target=\"_blank\" rel=\"noopener\">Ficha t\u00e9cnica<\/a><\/li>\n<\/ul>\n<p>[\/vc_column_text][\/vc_column][\/vc_row][vc_row][vc_column][vc_masonry_media_grid grid_id=&#8221;vc_gid:1660856245228-7e3635dc-581a-9&#8243; include=&#8221;373,374,375&#8243;][\/vc_column][\/vc_row][vc_row][vc_column][vc_cta h2=&#8221;Reciba una cotizaci\u00f3n en 24 hrs.&#8221; txt_align=&#8221;center&#8221; color=&#8221;black&#8221;][\/vc_cta][vc_column_text]<iframe loading=\"lazy\" height=\"800px\" width=\"100%\" frameborder=\"0\" allow=\"geolocation;microphone;camera\" src=\"https:\/\/forms.zohopublic.com\/virtualoffice9264\/form\/SVWebForm\/formperma\/6bJu-XAmlcMpNNGc0usGtR0x9IziYk_oLRc4Jv881CQ\"> <\/iframe>[\/vc_column_text][\/vc_column][\/vc_row]<\/p>\n","protected":false},"excerpt":{"rendered":"<p><a href=\"https:\/\/emojipedia.org\/police-officer\/\"><span class=\"emoji\">\ud83d\udc6e<\/span><\/a>Las COP son botas t\u00e1cticas ideal para polic\u00edas y guardias. Con su tecnolog\u00eda anti fatiga + su cosido lockstich 360, le garantiza durabilidad y comfort.<\/p>\n","protected":false},"featured_media":376,"comment_status":"open","ping_status":"closed","template":"","meta":[],"product_brand":[],"product_cat":[54],"product_tag":[],"class_list":{"0":"post-372","1":"product","2":"type-product","3":"status-publish","4":"has-post-thumbnail","6":"product_cat-tactica","8":"first","9":"instock","10":"shipping-taxable","11":"product-type-simple"},"_links":{"self":[{"href":"https:\/\/ozapato.com\/sv\/wp-json\/wp\/v2\/product\/372","targetHints":{"allow":["GET"]}}],"collection":[{"href":"https:\/\/ozapato.com\/sv\/wp-json\/wp\/v2\/product"}],"about":[{"href":"https:\/\/ozapato.com\/sv\/wp-json\/wp\/v2\/types\/product"}],"replies":[{"embeddable":true,"href":"https:\/\/ozapato.com\/sv\/wp-json\/wp\/v2\/comments?post=372"}],"wp:featuredmedia":[{"embeddable":true,"href":"https:\/\/ozapato.com\/sv\/wp-json\/wp\/v2\/media\/376"}],"wp:attachment":[{"href":"https:\/\/ozapato.com\/sv\/wp-json\/wp\/v2\/media?parent=372"}],"wp:term":[{"taxonomy":"product_brand","embeddable":true,"href":"https:\/\/ozapato.com\/sv\/wp-json\/wp\/v2\/product_brand?post=372"},{"taxonomy":"product_cat","embeddable":true,"href":"https:\/\/ozapato.com\/sv\/wp-json\/wp\/v2\/product_cat?post=372"},{"taxonomy":"product_tag","embeddable":true,"href":"https:\/\/ozapato.com\/sv\/wp-json\/wp\/v2\/product_tag?post=372"}],"curies":[{"name":"wp","href":"https:\/\/api.w.org\/{rel}","templated":true}]}}