{"id":424,"date":"2022-08-18T21:36:38","date_gmt":"2022-08-18T21:36:38","guid":{"rendered":"https:\/\/ozapato.com\/sv\/?post_type=product&#038;p=424"},"modified":"2022-08-18T21:36:38","modified_gmt":"2022-08-18T21:36:38","slug":"coyolt-01","status":"publish","type":"product","link":"https:\/\/ozapato.com\/sv\/product\/coyolt-01\/","title":{"rendered":"Coyolt 01"},"content":{"rendered":"<p>[vc_row][vc_column][vc_column_text]<\/p>\n<ul>\n<li>Construcci\u00f3n: Lockstitch.<\/li>\n<li>Suela: Raflex OZAPATO negra antideslizante. Resistente a aceites y combustible.<\/li>\n<li>Corte: Cuero napa negro de 1.8 a 2.2 mm con alterales de lona &#8220;CORDURA&#8221;, sellado hasta la leng\u00fceta.<\/li>\n<li>Color: Negro..<\/li>\n<li>Forro: Forrado interior antimicrobiano acolchado color negro.<\/li>\n<li>Costuras: Doble y triple de nylon color negro.<\/li>\n<li>Contrafuerte: Orothermo.<\/li>\n<li>Puntera: Sin puntera, con refuerzo frontal de celast\u00edn.<\/li>\n<li>Plantilla interior: Tejida y suajada de 3mm anti microbiana.<\/li>\n<li>Plantilla anti-perforaci\u00f3n: Textil de kevlar.<\/li>\n<li>Ajuste: Horma EEE.Altura: 20 cm.<\/li>\n<li>Numeraci\u00f3n: 3-14 us.<\/li>\n<li>Certificaci\u00f3n; certificada ISO \/ ASTM 2412-18\u00a0 PR.<\/li>\n<li>Bota libre de metal.<\/li>\n<li>Garant\u00eda de 6 meses contra cualquier defecto de f\u00e1brica.<\/li>\n<li><a href=\"https:\/\/workdrive.zohopublic.com\/external\/6Ol2VXoNe8g-JqO1d\/download\" target=\"_blank\" rel=\"noopener\">Ficha t\u00e9cnica<\/a><\/li>\n<\/ul>\n<p>[\/vc_column_text][\/vc_column][\/vc_row][vc_row][vc_column][vc_masonry_media_grid grid_id=&#8221;vc_gid:1660858199384-9ead5c42-595c-9&#8243; include=&#8221;425,426,427&#8243;][\/vc_column][\/vc_row][vc_row][vc_column][vc_cta h2=&#8221;Reciba una cotizaci\u00f3n en 24 hrs o menos&#8221; color=&#8221;black&#8221;][\/vc_cta][vc_column_text]<iframe loading=\"lazy\" height=\"800px\" width=\"100%\" frameborder=\"0\" allow=\"geolocation;microphone;camera\" src=\"https:\/\/forms.zohopublic.com\/virtualoffice9264\/form\/SVWebForm\/formperma\/6bJu-XAmlcMpNNGc0usGtR0x9IziYk_oLRc4Jv881CQ\"> <\/iframe>[\/vc_column_text][\/vc_column][\/vc_row]<\/p>\n","protected":false},"excerpt":{"rendered":"<p><span class=\"emoji\"><span style=\"vertical-align: inherit;\">\ud83c\udfdc\ufe0f<\/span><\/span><span style=\"vertical-align: inherit;\"> Coyolt 01 Desierto son botas libres de Metal estudiadas para Panam\u00e1. Con su cremallera YKK y su tela impermeable les acompa\u00f1ara en cualquier misi\u00f3n en la ciudad o en la jungla tropical.<\/span><\/p>\n<p>&nbsp;<\/p>\n","protected":false},"featured_media":428,"comment_status":"open","ping_status":"closed","template":"","meta":[],"product_brand":[],"product_cat":[54],"product_tag":[],"class_list":{"0":"post-424","1":"product","2":"type-product","3":"status-publish","4":"has-post-thumbnail","6":"product_cat-tactica","8":"first","9":"instock","10":"shipping-taxable","11":"product-type-simple"},"_links":{"self":[{"href":"https:\/\/ozapato.com\/sv\/wp-json\/wp\/v2\/product\/424","targetHints":{"allow":["GET"]}}],"collection":[{"href":"https:\/\/ozapato.com\/sv\/wp-json\/wp\/v2\/product"}],"about":[{"href":"https:\/\/ozapato.com\/sv\/wp-json\/wp\/v2\/types\/product"}],"replies":[{"embeddable":true,"href":"https:\/\/ozapato.com\/sv\/wp-json\/wp\/v2\/comments?post=424"}],"wp:featuredmedia":[{"embeddable":true,"href":"https:\/\/ozapato.com\/sv\/wp-json\/wp\/v2\/media\/428"}],"wp:attachment":[{"href":"https:\/\/ozapato.com\/sv\/wp-json\/wp\/v2\/media?parent=424"}],"wp:term":[{"taxonomy":"product_brand","embeddable":true,"href":"https:\/\/ozapato.com\/sv\/wp-json\/wp\/v2\/product_brand?post=424"},{"taxonomy":"product_cat","embeddable":true,"href":"https:\/\/ozapato.com\/sv\/wp-json\/wp\/v2\/product_cat?post=424"},{"taxonomy":"product_tag","embeddable":true,"href":"https:\/\/ozapato.com\/sv\/wp-json\/wp\/v2\/product_tag?post=424"}],"curies":[{"name":"wp","href":"https:\/\/api.w.org\/{rel}","templated":true}]}}