{"id":475,"date":"2022-08-18T21:47:03","date_gmt":"2022-08-18T21:47:03","guid":{"rendered":"https:\/\/ozapato.com\/sv\/?post_type=product&#038;p=475"},"modified":"2022-08-18T21:47:04","modified_gmt":"2022-08-18T21:47:04","slug":"cop-02-2","status":"publish","type":"product","link":"https:\/\/ozapato.com\/sv\/product\/cop-02-2\/","title":{"rendered":"Coyolt 02"},"content":{"rendered":"<p>[vc_row][vc_column][vc_column_text]<\/p>\n<ul>\n<li>Coyolt 02 Black son botas de seguridad flexibles.<\/li>\n<li>Suela flexible con resistencia a los golpes, excelente antideslizante.<\/li>\n<li>Suela Slip and Oil Resistant que proporciona una mejor tracci\u00f3n en todas las superficies. Excelente para el clima de Costa Rica.<\/li>\n<li>Suela resistente a la humedad\u00a0y\u00a0antifatiga<\/li>\n<li>100% cuero con tecnolog\u00eda waterproof, 100% resistente al agua<\/li>\n<li>Agujetas de poli\u00e9ster con alma de algod\u00f3n resistente para uso prolongado.<\/li>\n<li>Costuras selladas 100% de Nylon.<\/li>\n<li>Zipper YKK, la referencia mundial<\/li>\n<li>Altura de 9 pulgadas.<\/li>\n<li><a href=\"https:\/\/tdrive.li\/nizQPV\" target=\"_blank\" rel=\"noopener\">\u00a0Ficha t\u00e9cnica<\/a><\/li>\n<\/ul>\n<p>[\/vc_column_text][\/vc_column][\/vc_row][vc_row][vc_column][vc_masonry_media_grid grid_id=&#8221;vc_gid:1660858979947-ca1e3972-b6c4-5&#8243; include=&#8221;476,477,478&#8243;][\/vc_column][\/vc_row][vc_row][vc_column][vc_cta h2=&#8221;Reciba una cotizaci\u00f3n en 24 hrs o menos&#8221;][\/vc_cta][\/vc_column][\/vc_row][vc_row][vc_column][vc_column_text]<iframe loading=\"lazy\" height=\"800px\" width=\"100%\" frameborder=\"0\" allow=\"geolocation;microphone;camera\" src=\"https:\/\/forms.zohopublic.com\/virtualoffice9264\/form\/SVWebForm\/formperma\/6bJu-XAmlcMpNNGc0usGtR0x9IziYk_oLRc4Jv881CQ\"> <\/iframe>[\/vc_column_text][\/vc_column][\/vc_row]<\/p>\n","protected":false},"excerpt":{"rendered":"<p>\ud83d\udc5e\u00a0COYOLT 02\u00a0 son botas de seguridad flexibles\u00a0 muy c\u00f3modas. Con su zipper YKK y su tela impermeable les acompa\u00f1ara en cualquier misi\u00f3n\u00a0 en la ciudad o en la jungla tropical..<\/p>\n","protected":false},"featured_media":479,"comment_status":"open","ping_status":"closed","template":"","meta":[],"product_brand":[],"product_cat":[54],"product_tag":[],"class_list":{"0":"post-475","1":"product","2":"type-product","3":"status-publish","4":"has-post-thumbnail","6":"product_cat-tactica","8":"first","9":"instock","10":"shipping-taxable","11":"product-type-simple"},"_links":{"self":[{"href":"https:\/\/ozapato.com\/sv\/wp-json\/wp\/v2\/product\/475","targetHints":{"allow":["GET"]}}],"collection":[{"href":"https:\/\/ozapato.com\/sv\/wp-json\/wp\/v2\/product"}],"about":[{"href":"https:\/\/ozapato.com\/sv\/wp-json\/wp\/v2\/types\/product"}],"replies":[{"embeddable":true,"href":"https:\/\/ozapato.com\/sv\/wp-json\/wp\/v2\/comments?post=475"}],"wp:featuredmedia":[{"embeddable":true,"href":"https:\/\/ozapato.com\/sv\/wp-json\/wp\/v2\/media\/479"}],"wp:attachment":[{"href":"https:\/\/ozapato.com\/sv\/wp-json\/wp\/v2\/media?parent=475"}],"wp:term":[{"taxonomy":"product_brand","embeddable":true,"href":"https:\/\/ozapato.com\/sv\/wp-json\/wp\/v2\/product_brand?post=475"},{"taxonomy":"product_cat","embeddable":true,"href":"https:\/\/ozapato.com\/sv\/wp-json\/wp\/v2\/product_cat?post=475"},{"taxonomy":"product_tag","embeddable":true,"href":"https:\/\/ozapato.com\/sv\/wp-json\/wp\/v2\/product_tag?post=475"}],"curies":[{"name":"wp","href":"https:\/\/api.w.org\/{rel}","templated":true}]}}