{"id":11,"date":"2020-05-22T11:13:58","date_gmt":"2020-05-22T11:13:58","guid":{"rendered":"https:\/\/ozapato.com\/uy\/?page_id=11"},"modified":"2022-03-16T19:30:19","modified_gmt":"2022-03-16T19:30:19","slug":"home","status":"publish","type":"page","link":"https:\/\/ozapato.com\/uy\/","title":{"rendered":"OZAPATO URUGUAY"},"content":{"rendered":"<p>[vc_row][vc_column]<style>.shortcode_getbowtied_slider .shortcode-slider-pagination .swiper-pagination-bullet.swiper-pagination-bullet-active:after{background-color: #000000;}<\/style>\n\n\t\t<div class=\"shortcode_getbowtied_slider swiper-container swiper-69d039242fa85 full_height\" style=\" width: 100%\" data-autoplay=\"10\" data-id=\"69d039242fa85\">\n\t\t\t<div class=\"swiper-wrapper\">\n\t\t\t\n\t\t\t<div class=\"swiper-slide left-align\"\n\t\t\tstyle=\t\"background: #CCCCCC url(https:\/\/ozapato.com\/uy\/wp-content\/uploads\/sites\/16\/2022\/03\/10607342-scaled-1.jpg) center center no-repeat ;\n\t\t\t\t\t-webkit-background-size: cover;\n\t\t\t\t\t-moz-background-size: cover;\n\t\t\t\t\t-o-background-size: cover;\n\t\t\t\t\tbackground-size: cover;\n\t\t\t\t\tcolor: #ffffff\">\n\t\t\t\thttp:\/\/a%20href=#distri%20class=fullslidelink\/a\n\t\t\t\t<div class=\"slider-content\" data-swiper-parallax=\"-50%\">\n\t\t\t\t\t<div class=\"slider-content-wrapper\">\n\t\t\t\t\t\t<h2 class=\"primary_font\" style=\"color:#ffffff;font-size:64px;line-height: 64px\">Distribuya OZAPATO en Uruguay<\/h2>\n\t\t\t\t\t\t<p class=\"primary_font\" style=\"color:#ffffff;font-size:21px;line-height: 21px\">Ofrecemos precios de f\u00e1brica + apoyo en marketing<\/p>\n\t\t\t\t\t\t<a class=\"button\" style=\"color:#FFFFFF !important;background: #000000 !important\" href=\"#distri\">Me interesa distribuir<\/a>\n\t\t\t\t\t<\/div>\n\t\t\t\t<\/div>\n\t\t\t<\/div>\n\t\t\t<div class=\"swiper-slide left-align\"\n\t\t\tstyle=\t\"background: #CCCCCC url(https:\/\/ozapato.com\/uy\/wp-content\/uploads\/sites\/16\/2022\/03\/P1190130-min2.jpg) center center no-repeat ;\n\t\t\t\t\t-webkit-background-size: cover;\n\t\t\t\t\t-moz-background-size: cover;\n\t\t\t\t\t-o-background-size: cover;\n\t\t\t\t\tbackground-size: cover;\n\t\t\t\t\tcolor: #ffffff\">\n\t\t\t\t\n\t\t\t\t<div class=\"slider-content\" data-swiper-parallax=\"-50%\">\n\t\t\t\t\t<div class=\"slider-content-wrapper\">\n\t\t\t\t\t\t<h2 class=\"primary_font\" style=\"color:#ffffff;font-size:64px;line-height: 64px\">Conozca nuestro cat\u00e1logo<\/h2>\n\t\t\t\t\t\t<p class=\"primary_font\" style=\"color:#ffffff;font-size:21px;line-height: 21px\">Contamos con calzado diel\u00e9ctrico, t\u00e1ctico, industrial y m\u00e1s.<\/p>\n\t\t\t\t\t\t<a class=\"button\" style=\"color:#FFFFFF !important;background: #000000 !important\" href=\"https:\/\/workdrive.zohoexternal.com\/external\/524f66ba6180ad125258b85306bf030a203b5bf2669e274cd57acf3ad37a0d8c?layout=list\" target=\"_blank\" rel=\"noopener\">Ver cat\u00e1logo<\/a>\n\t\t\t\t\t<\/div>\n\t\t\t\t<\/div>\n\t\t\t<\/div>\n\t\t\t<\/div>\n\t\t\t\t<div style=\"color: #000000\" class=\"swiper-button-prev\"><i class=\"spk-icon spk-icon-left-arrow-thin-large\"><\/i><\/div>\n    \t\t\t<div style=\"color: #000000\" class=\"swiper-button-next\"><i class=\"spk-icon spk-icon-right-arrow-thin-large\"><\/i><\/div>\n\t\t\t\t<div style=\"color: #000000\" class=\"shortcode-slider-pagination\"><\/div><\/div>[\/vc_column][\/vc_row][vc_row type=\u00bbboxed\u00bb][vc_column][vc_empty_space height=\u00bb30px\u00bb el_id=\u00bbdistri\u00bb][vc_cta h2=\u00bb\u00bb css=\u00bb.vc_custom_1647458504730{background-color: #dd3333 !important;}\u00bb]<\/p>\n<h4 style=\"text-align: center;\"><span style=\"color: #ffffff;\"><strong>\u00bfInteresado en distribuir OZAPATO en Uruguay? Ofrecemos precios de f\u00e1brica + apoyo en marketing<\/strong><\/span><\/h4>\n<p>[\/vc_cta][vc_column_text]<\/p>\n<pre><span style=\"color: #072040;\"><span style=\"font-size: large;\"><iframe loading=\"lazy\" height=\"800px\" width=\"100%\" frameborder=\"0\" allow=\"geolocation;microphone;camera\" src=\"https:\/\/forms.zohopublic.com\/virtualoffice9264\/form\/UYWebForm\/formperma\/OQZNSWRbJ-0Cb14OZheb3sreHrrdu_rvY9XTkaeh_3U\"> <\/iframe> <\/span><\/span><\/pre>\n<p>[\/vc_column_text][\/vc_column][\/vc_row][vc_row][vc_column css=\u00bb.vc_custom_1590744432250{background-color: #000000 !important;}\u00bb][vc_column_text]<\/p>\n<h3 style=\"text-align: center;\"><span style=\"color: #ffffff;\"><strong>PROTECCI\u00d3N TOTAL EN TUS ZAPATOS \u00a0\u00a0<\/strong><a style=\"color: #ffffff;\" href=\"https:\/\/emojipedia.org\/flag-uruguay\/\" target=\"_blank\" rel=\"noopener\"><span class=\"emoji\">\ud83c\uddfa\ud83c\uddfe\u00a0\u00a0\u00a0<\/span><\/a><\/span><\/h3>\n<p>[\/vc_column_text][\/vc_column][\/vc_row][vc_row][vc_column][vc_empty_space][\/vc_column][\/vc_row][vc_row][vc_column width=\u00bb1\/4&#8243;][\/vc_column][vc_column width=\u00bb1\/2&#8243;][vc_column_text]<\/p>\n<h3 align=\"center\">ZAPATOS\u00a0 DE SEGURIDAD EN URUGUAY<\/h3>\n<p><a href=\"https:\/\/emojipedia.org\/hiking-boot\/\" target=\"_blank\" rel=\"noopener\"><span class=\"emoji\">\ud83e\udd7e<\/span><\/a><span style=\"color: #000000;\">Los <strong>zapatos\u00a0de seguridad<\/strong> son muy importantes y necesarios en el sector industrial, como tambien en el sector de la miner\u00eda, petroleo,construcci\u00f3n, por esta raz\u00f3n nuestra promesa para usted es de ofrecerle el <strong>mejor producto, al mejor precio y de la forma mas r\u00e1pida<\/strong>. Eso sin sacrificar ni el dise\u00f1o ni la comodidad de su botas de seguridad.<\/span><\/p>\n<p><span style=\"color: #000000;\">En <a href=\"https:\/\/es.wikipedia.org\/wiki\/Uruguay\" target=\"_blank\" rel=\"noopener\">Uruguay<\/a>, nuestra l\u00ednea industrial cuenta con calzado de seguridad industrial: <\/span><\/p>\n<ul>\n<li><strong><span style=\"color: #000000;\">Botas Diel\u00e9ctricas.<\/span><\/strong><\/li>\n<li><strong><span style=\"color: #000000;\">Botas T\u00e1cticas \u00a0.<\/span><\/strong><\/li>\n<li><span style=\"color: #000000;\"><strong><a href=\"https:\/\/ozapato.com\/bo\/anti\/\">Botas Antiest\u00e1ticas<\/a>.<\/strong><\/span><\/li>\n<li><span style=\"color: #000000;\"><strong>Botas para la Miner\u00eda.<\/strong><\/span><\/li>\n<li><strong>Zapatos de seguridad de ligeros<\/strong><\/li>\n<\/ul>\n<p>[\/vc_column_text][\/vc_column][vc_column width=\u00bb1\/4&#8243;][\/vc_column][\/vc_row][vc_row][vc_column][vc_empty_space][\/vc_column][\/vc_row][vc_row][vc_column][\/vc_column][\/vc_row][vc_row type=\u00bbboxed\u00bb][vc_column][vc_media_grid grid_id=\u00bbvc_gid:1647459004614-93db1500-f816-7&#8243; include=\u00bb232,234,233&#8243;][\/vc_column][\/vc_row][vc_row][vc_column][vc_empty_space][\/vc_column][\/vc_row][vc_row][vc_column width=\u00bb1\/4&#8243;][\/vc_column][vc_column width=\u00bb1\/2&#8243;][vc_column_text]<\/p>\n<h4 style=\"text-align: center;\"><span style=\"color: #000000;\">\u00bfPOR\u00a0<strong>QU\u00c9 <\/strong>SOMOS SU MEJOR OPCI\u00d3N EN BOTAS DE SEGURIDAD EN URUGUAY?<\/span><\/h4>\n<p style=\"text-align: left;\"><span style=\"color: #000000;\">Gracias a nuestro origen internacional y con una visi\u00f3n global, tomamos lo mejor de M\u00e9xico y lo mejor del mundo para poder ofrecer a usted la experiencia OZAPATO. Por ello, usamos materiales 100% de <a style=\"color: #000000;\" href=\"https:\/\/es.wikipedia.org\/wiki\/Cuero\" target=\"_blank\" rel=\"noopener\">cuero<\/a> y <strong>suelas de alta calidad.<\/strong> Usted podr\u00e1 comprobar, al momento de usar sus botas industriales <a style=\"color: #000000;\" href=\"http:\/\/www.ozapato.com\">OZAPATO<\/a>, que prestamos mucha atenci\u00f3n a la <strong>calidad<\/strong> de nuestras pieles y suelas. Todas nuestras<a style=\"color: #000000;\" href=\"https:\/\/es.wikipedia.org\/wiki\/Calzado_de_protecci%C3%B3n\" target=\"_blank\" rel=\"noopener\"> botas de\u00a0 seguridad <\/a>, son creados para soportar condiciones extremas de humedad y temperatura.Adem\u00e1s para poder ofrecerle el <strong>mejor precio<\/strong> con este nivel de calidad, nuestro modelo de negocio le conecta <strong>directamente a la fabrica<\/strong>, evitando cualquier intermediario que no le aporta valor. Y\u00a0 por \u00faltimo ofrecemos una<strong> garant\u00eda de 6 meses<\/strong> por nuestros calzados de seguridad\u00a0 y\u00a0 <strong>cotizaci\u00f3n gratuita en 24 hs<\/strong>.<\/span><\/p>\n<h5 style=\"text-align: center;\"><\/h5>\n<p>[\/vc_column_text][\/vc_column][vc_column width=\u00bb1\/4&#8243;][\/vc_column][\/vc_row][vc_row][vc_column][vc_empty_space][\/vc_column][\/vc_row]<\/p>\n","protected":false},"excerpt":{"rendered":"<p>[vc_row][vc_column][\/vc_column][\/vc_row][vc_row type=\u00bbboxed\u00bb][vc_column][vc_empty_space height=\u00bb30px\u00bb el_id=\u00bbdistri\u00bb][vc_cta h2=\u00bb\u00bb css=\u00bb.vc_custom_1647458504730{background-color: #dd3333 !important;}\u00bb] \u00bfInteresado en distribuir OZAPATO en Uruguay? Ofrecemos precios de f\u00e1brica + apoyo en marketing [\/vc_cta][vc_column_text] [\/vc_column_text][\/vc_column][\/vc_row][vc_row][vc_column css=\u00bb.vc_custom_1590744432250{background-color: #000000 !important;}\u00bb][vc_column_text] PROTECCI\u00d3N TOTAL EN TUS ZAPATOS \u00a0\u00a0\ud83c\uddfa\ud83c\uddfe\u00a0\u00a0\u00a0 [\/vc_column_text][\/vc_column][\/vc_row][vc_row][vc_column][vc_empty_space][\/vc_column][\/vc_row][vc_row][vc_column width=\u00bb1\/4&#8243;][\/vc_column][vc_column width=\u00bb1\/2&#8243;][vc_column_text] ZAPATOS\u00a0 DE SEGURIDAD EN URUGUAY \ud83e\udd7eLos zapatos\u00a0de seguridad son muy importantes y necesarios en el sector industrial, como tambien [&hellip;]<\/p>\n","protected":false},"author":350,"featured_media":0,"parent":0,"menu_order":0,"comment_status":"closed","ping_status":"closed","template":"page-full-width.php","meta":{"footnotes":""},"class_list":["post-11","page","type-page","status-publish","hentry"],"_links":{"self":[{"href":"https:\/\/ozapato.com\/uy\/wp-json\/wp\/v2\/pages\/11","targetHints":{"allow":["GET"]}}],"collection":[{"href":"https:\/\/ozapato.com\/uy\/wp-json\/wp\/v2\/pages"}],"about":[{"href":"https:\/\/ozapato.com\/uy\/wp-json\/wp\/v2\/types\/page"}],"author":[{"embeddable":true,"href":"https:\/\/ozapato.com\/uy\/wp-json\/wp\/v2\/users\/350"}],"replies":[{"embeddable":true,"href":"https:\/\/ozapato.com\/uy\/wp-json\/wp\/v2\/comments?post=11"}],"version-history":[{"count":30,"href":"https:\/\/ozapato.com\/uy\/wp-json\/wp\/v2\/pages\/11\/revisions"}],"predecessor-version":[{"id":323,"href":"https:\/\/ozapato.com\/uy\/wp-json\/wp\/v2\/pages\/11\/revisions\/323"}],"wp:attachment":[{"href":"https:\/\/ozapato.com\/uy\/wp-json\/wp\/v2\/media?parent=11"}],"curies":[{"name":"wp","href":"https:\/\/api.w.org\/{rel}","templated":true}]}}