{"id":119,"date":"2020-05-28T07:25:52","date_gmt":"2020-05-28T07:25:52","guid":{"rendered":"https:\/\/ozapato.com\/uy\/?page_id=119"},"modified":"2020-06-01T14:48:44","modified_gmt":"2020-06-01T14:48:44","slug":"zapatos-para-chef","status":"publish","type":"page","link":"https:\/\/ozapato.com\/uy\/zapatos-para-chef\/","title":{"rendered":"Restauraci\u00f3n"},"content":{"rendered":"<p>[vc_row][vc_column][vc_column_text css=\u00bb.vc_custom_1590650265436{padding-top: 32px !important;}\u00bb]<\/p>\n<h3 style=\"text-align: center\"><span style=\"color: #ffffff\"><strong>RESTAURACI\u00d3N<\/strong><\/span><\/h3>\n<p>[\/vc_column_text][\/vc_column][\/vc_row][vc_row][vc_column][vc_empty_space][\/vc_column][\/vc_row][vc_row][vc_column width=\u00bb1\/4&#8243;][\/vc_column][vc_column width=\u00bb1\/2&#8243;][vc_column_text]<\/p>\n<h3 style=\"text-align: center\"><span style=\"color: #000000\"><strong>ZAPATOS PARA CHEF EN URUGUAY<\/strong><\/span><\/h3>\n<p><span style=\"color: #000000\"><strong>Zapatos para Chef<\/strong> antideslizante y<strong> zapatillas de seguridad<\/strong> ligeros para mozos.<\/span><\/p>\n<p><span style=\"font-weight: 400;color: #000000\">Uruguay tiene diversos puntos tur\u00edsticos y balnearios como <a style=\"color: #000000\" href=\"https:\/\/es.wikipedia.org\/wiki\/Punta_del_Este\" target=\"_blank\" rel=\"noopener\">Punta del Este<\/a>, <strong>Montevideo, Rocha<\/strong> etc, que son cada vez m\u00e1s visitados por los turistas.<\/span><\/p>\n<p><span style=\"font-weight: 400;color: #000000\">Muchos empresarios hosteleros y de la restauraci\u00f3n; demandan cada verano mas empleados en el sector servicio como: Chef, camareros,etc.<\/span><\/p>\n<p><span style=\"font-weight: 400;color: #000000\">Por est\u00e1 raz\u00f3n, <a href=\"http:\/\/www.ozapato.com\/uy\/\">OZAPATO<\/a>, ofrece los <a style=\"color: #000000\" href=\"https:\/\/ozapato.com\/uy\/championes\/\"><strong>zapatos<\/strong><\/a> de cocina\u00a0 m\u00e1s confortables y ultralivianos para los trabajadores de este sector.<\/span>[\/vc_column_text][\/vc_column][vc_column width=\u00bb1\/4&#8243;][\/vc_column][\/vc_row][vc_row][vc_column][vc_empty_space][\/vc_column][\/vc_row][vc_row type=\u00bbboxed\u00bb][vc_column][vc_cta h2=\u00bb\u00bb css=\u00bb.vc_custom_1590651906771{background-color: #dd3333 !important;}\u00bb]<\/p>\n<h4 style=\"text-align: center\"><span style=\"color: #ffffff\">\u00bfInteresado en zapatos para chef y camareros ? Recibe cotizaci\u00f3n en 24 hs<\/span><\/h4>\n<p>[\/vc_cta][\/vc_column][\/vc_row][vc_row type=\u00bbboxed\u00bb][vc_column][vc_column_text]<\/p>\n<pre><span style=\"font-size: large\"><span style=\"color: #072040\"><iframe loading=\"lazy\" height=\"800px\" width=\"100%\" frameborder=\"0\" allow=\"geolocation;microphone;camera\" src=\"https:\/\/forms.zohopublic.com\/virtualoffice9264\/form\/UYWebForm\/formperma\/OQZNSWRbJ-0Cb14OZheb3sreHrrdu_rvY9XTkaeh_3U\"> <\/iframe> <\/span><\/span><\/pre>\n<p>[\/vc_column_text][\/vc_column][\/vc_row][vc_row][vc_column][vc_empty_space][\/vc_column][\/vc_row][vc_row type=\u00bbboxed\u00bb][vc_column][vc_media_grid grid_id=\u00bbvc_gid:1591022238928-54af7571-2711-5&#8243; include=\u00bb268,270,269&#8243;][\/vc_column][\/vc_row][vc_row][vc_column][vc_empty_space][\/vc_column][\/vc_row][vc_row type=\u00bbboxed\u00bb][vc_column][vc_column_text]\n<div id=\"sb_instagram\"  class=\"sbi sbi_mob_col_1 sbi_tab_col_2 sbi_col_4\" style=\"padding-bottom: 10px; width: 100%;\"\t data-feedid=\"sbi_17841401193873551#20\"  data-res=\"auto\" data-cols=\"4\" data-colsmobile=\"1\" data-colstablet=\"2\" data-num=\"20\" data-nummobile=\"\" data-item-padding=\"5\"\t data-shortcode-atts=\"{}\"  data-postid=\"119\" data-locatornonce=\"78c435f377\" data-imageaspectratio=\"1:1\" data-sbi-flags=\"favorLocal,gdpr\">\n\t\n\t<div id=\"sbi_images\"  style=\"gap: 10px;\">\n\t\t\t<\/div>\n\n\t<div id=\"sbi_load\" >\n\n\t\n\t\t\t<span class=\"sbi_follow_btn\" >\n\t\t\t<a target=\"_blank\" rel=\"nofollow noopener\" href=\"https:\/\/www.instagram.com\/17841401193873551\/\">\n\t\t\t\t<svg class=\"svg-inline--fa fa-instagram fa-w-14\" aria-hidden=\"true\" data-fa-processed=\"\" aria-label=\"Instagram\" data-prefix=\"fab\" data-icon=\"instagram\" role=\"img\" viewBox=\"0 0 448 512\">\n                    <path fill=\"currentColor\" d=\"M224.1 141c-63.6 0-114.9 51.3-114.9 114.9s51.3 114.9 114.9 114.9S339 319.5 339 255.9 287.7 141 224.1 141zm0 189.6c-41.1 0-74.7-33.5-74.7-74.7s33.5-74.7 74.7-74.7 74.7 33.5 74.7 74.7-33.6 74.7-74.7 74.7zm146.4-194.3c0 14.9-12 26.8-26.8 26.8-14.9 0-26.8-12-26.8-26.8s12-26.8 26.8-26.8 26.8 12 26.8 26.8zm76.1 27.2c-1.7-35.9-9.9-67.7-36.2-93.9-26.2-26.2-58-34.4-93.9-36.2-37-2.1-147.9-2.1-184.9 0-35.8 1.7-67.6 9.9-93.9 36.1s-34.4 58-36.2 93.9c-2.1 37-2.1 147.9 0 184.9 1.7 35.9 9.9 67.7 36.2 93.9s58 34.4 93.9 36.2c37 2.1 147.9 2.1 184.9 0 35.9-1.7 67.7-9.9 93.9-36.2 26.2-26.2 34.4-58 36.2-93.9 2.1-37 2.1-147.8 0-184.8zM398.8 388c-7.8 19.6-22.9 34.7-42.6 42.6-29.5 11.7-99.5 9-132.1 9s-102.7 2.6-132.1-9c-19.6-7.8-34.7-22.9-42.6-42.6-11.7-29.5-9-99.5-9-132.1s-2.6-102.7 9-132.1c7.8-19.6 22.9-34.7 42.6-42.6 29.5-11.7 99.5-9 132.1-9s102.7-2.6 132.1 9c19.6 7.8 34.7 22.9 42.6 42.6 11.7 29.5 9 99.5 9 132.1s2.7 102.7-9 132.1z\"><\/path>\n                <\/svg>\t\t\t\t<span>S\u00edguenos en Instagram<\/span>\n\t\t\t<\/a>\n\t\t<\/span>\n\t\n<\/div>\n\t\t<span class=\"sbi_resized_image_data\" data-feed-id=\"sbi_17841401193873551#20\"\n\t\t  data-resized=\"[]\">\n\t<\/span>\n\t<\/div>\n\n[\/vc_column_text][\/vc_column][\/vc_row]<\/p>\n","protected":false},"excerpt":{"rendered":"<p>[vc_row][vc_column][vc_column_text css=\u00bb.vc_custom_1590650265436{padding-top: 32px !important;}\u00bb] RESTAURACI\u00d3N [\/vc_column_text][\/vc_column][\/vc_row][vc_row][vc_column][vc_empty_space][\/vc_column][\/vc_row][vc_row][vc_column width=\u00bb1\/4&#8243;][\/vc_column][vc_column width=\u00bb1\/2&#8243;][vc_column_text] ZAPATOS PARA CHEF EN URUGUAY Zapatos para Chef antideslizante y zapatillas de seguridad ligeros para mozos. Uruguay tiene diversos puntos tur\u00edsticos y balnearios como Punta del Este, Montevideo, Rocha etc, que son cada vez m\u00e1s visitados por los turistas. Muchos empresarios hosteleros y de la restauraci\u00f3n; demandan [&hellip;]<\/p>\n","protected":false},"author":350,"featured_media":0,"parent":0,"menu_order":0,"comment_status":"closed","ping_status":"closed","template":"page-full-width.php","meta":{"footnotes":""},"class_list":["post-119","page","type-page","status-publish","hentry"],"_links":{"self":[{"href":"https:\/\/ozapato.com\/uy\/wp-json\/wp\/v2\/pages\/119","targetHints":{"allow":["GET"]}}],"collection":[{"href":"https:\/\/ozapato.com\/uy\/wp-json\/wp\/v2\/pages"}],"about":[{"href":"https:\/\/ozapato.com\/uy\/wp-json\/wp\/v2\/types\/page"}],"author":[{"embeddable":true,"href":"https:\/\/ozapato.com\/uy\/wp-json\/wp\/v2\/users\/350"}],"replies":[{"embeddable":true,"href":"https:\/\/ozapato.com\/uy\/wp-json\/wp\/v2\/comments?post=119"}],"version-history":[{"count":8,"href":"https:\/\/ozapato.com\/uy\/wp-json\/wp\/v2\/pages\/119\/revisions"}],"predecessor-version":[{"id":271,"href":"https:\/\/ozapato.com\/uy\/wp-json\/wp\/v2\/pages\/119\/revisions\/271"}],"wp:attachment":[{"href":"https:\/\/ozapato.com\/uy\/wp-json\/wp\/v2\/media?parent=119"}],"curies":[{"name":"wp","href":"https:\/\/api.w.org\/{rel}","templated":true}]}}