{"id":196,"date":"2020-05-29T15:17:37","date_gmt":"2020-05-29T15:17:37","guid":{"rendered":"https:\/\/ozapato.com\/uy\/?page_id=196"},"modified":"2020-05-29T17:48:12","modified_gmt":"2020-05-29T17:48:12","slug":"tecnologia","status":"publish","type":"page","link":"https:\/\/ozapato.com\/uy\/tecnologia\/","title":{"rendered":"Tecnolog\u00eda"},"content":{"rendered":"<p>[vc_row video_bg=\u00bbyes\u00bb video_bg_url=\u00bbhttps:\/\/www.youtube.com\/watch?v=__oq67bsM8A\u00bb type=\u00bbboxed\u00bb][vc_column][vc_column_text]<\/p>\n<h3 style=\"text-align: center\"><span style=\"color: #ffffff\"><strong>TECNOLOG\u00cdA\u00a0<\/strong><\/span><\/h3>\n<p>[\/vc_column_text][\/vc_column][\/vc_row][vc_row][vc_column][vc_empty_space][\/vc_column][\/vc_row][vc_row][vc_column width=\u00bb1\/4&#8243;][\/vc_column][vc_column width=\u00bb1\/2&#8243;][vc_column_text]<\/p>\n<h4 style=\"text-align: center\"><span style=\"color: #000000\"><strong><span style=\"vertical-align: inherit\">\u00a1LA TECNOLOG\u00cdA DE LOS ZAPATOS MAS SEGUROS DE URUGUAY<\/span><\/strong><\/span><\/h4>\n<p><span style=\"color: #000000\"><span style=\"vertical-align: inherit\">La <\/span><a style=\"color: #000000\" href=\"https:\/\/es.wikipedia.org\/wiki\/Tecnolog%C3%ADa\" target=\"_blank\" rel=\"noopener\"><span style=\"vertical-align: inherit\">tecnolog\u00eda<\/span><\/a><span style=\"vertical-align: inherit\"> de <\/span><strong><span style=\"vertical-align: inherit\">OZAPATO<\/span><\/strong><span style=\"vertical-align: inherit\"> tiene la misi\u00f3n de fabricar los modelos de <\/span><strong><span style=\"vertical-align: inherit\">zapatos y botas de seguridad<\/span><\/strong><span style=\"vertical-align: inherit\"> del mercado. Con un departamento de <\/span><a style=\"color: #000000\" href=\"https:\/\/es.wikipedia.org\/wiki\/Investigaci%C3%B3n,_desarrollo_e_innovaci%C3%B3n\" target=\"_blank\" rel=\"noopener\"><span style=\"vertical-align: inherit\">Innovaci\u00f3n y Desarrollo<\/span><\/a><span style=\"vertical-align: inherit\"> situado en M\u00e9xico, OZAPATO busca brindarle el calzado de protecci\u00f3n m\u00e1s novedoso y c\u00f3modo para el consumidor final.<\/span><\/span><\/p>\n<p><span style=\"color: #000000\"><span style=\"vertical-align: inherit\">Gracias a su I + D, nuestra empresa dise\u00f1a calzado de protecci\u00f3n para todo <\/span><a style=\"color: #000000\" href=\"https:\/\/es.wikipedia.org\/wiki\/Am%C3%A9rica?wprov=srpw1_0\" target=\"_blank\" rel=\"noopener\"><span style=\"vertical-align: inherit\">Am\u00e9rica<\/span><\/a><span style=\"vertical-align: inherit\"> y <a href=\"http:\/\/www.ozapato.com\/uy\/\">Uruguay<\/a>. Entre los productos que innova <\/span><a style=\"color: #000000\" href=\"http:\/\/www.ozapato.com\"><span style=\"vertical-align: inherit\">OZAPATO<\/span><\/a><span style=\"vertical-align: inherit\"> son:<\/span><\/span><\/p>\n<ul>\n<li><span style=\"color: #000000\"><strong><span style=\"vertical-align: inherit\">Suelas<\/span><\/strong><\/span><\/li>\n<li><span style=\"color: #000000\"><strong><span style=\"vertical-align: inherit\">Suela 100% hule.<\/span><\/strong><\/span><\/li>\n<li><span style=\"color: #000000\"><strong><span style=\"vertical-align: inherit\">Suela exclusiva de OZAPATO Antideslizante y resistente al aceite.<\/span><\/strong><\/span><\/li>\n<li><span style=\"color: #000000\"><strong><span style=\"vertical-align: inherit\">Plantillas<\/span><\/strong><\/span><\/li>\n<li><span style=\"color: #000000\"><strong><span style=\"vertical-align: inherit\">Plantillas antiperforaci\u00f3n.<\/span><\/strong><\/span><\/li>\n<li><span style=\"color: #000000\"><strong><span style=\"vertical-align: inherit\">Plantillas de Celfil.<\/span><\/strong><\/span><\/li>\n<li><span style=\"color: #000000\"><strong><span style=\"vertical-align: inherit\">Plantilla T\u00e9rmica<\/span><\/strong><\/span><\/li>\n<li><span style=\"color: #000000\"><strong><span style=\"vertical-align: inherit\">Plantilla Textil.<\/span><\/strong><\/span><\/li>\n<li><span style=\"color: #000000\"><strong><span style=\"vertical-align: inherit\">Plantilla de Poliuretano.<\/span><\/strong><\/span><\/li>\n<li><span style=\"color: #000000\"><strong><span style=\"vertical-align: inherit\">Cascos<\/span><\/strong><\/span><\/li>\n<li><span style=\"color: #000000\"><strong><span style=\"vertical-align: inherit\">Casco de C\u00f3mposit.<\/span><\/strong><\/span><\/li>\n<li><span style=\"color: #000000\"><strong><span style=\"vertical-align: inherit\">Casco de acero.<\/span><\/strong><\/span><\/li>\n<li><span style=\"color: #000000\"><strong><span style=\"vertical-align: inherit\">Membrana de Cuero.<\/span><\/strong><\/span><\/li>\n<li><span style=\"color: #000000\"><strong><span style=\"vertical-align: inherit\">Forro acolchado.<\/span><\/strong><\/span><\/li>\n<li><span style=\"color: #000000\"><strong><span style=\"vertical-align: inherit\">Calzado a\u00edslante.<\/span><\/strong><\/span><\/li>\n<\/ul>\n<p>[\/vc_column_text][\/vc_column][vc_column width=\u00bb1\/4&#8243;][\/vc_column][\/vc_row][vc_row][vc_column][vc_empty_space][\/vc_column][\/vc_row][vc_row type=\u00bbboxed\u00bb][vc_column css=\u00bb.vc_custom_1590763290872{background-color: #000000 !important;}\u00bb][vc_column_text]<\/p>\n<h3 style=\"text-align: center\"><span style=\"color: #ffffff\"><strong>CASCOS<\/strong><\/span><\/h3>\n<p>[\/vc_column_text][\/vc_column][\/vc_row][vc_row][vc_column][vc_empty_space][\/vc_column][\/vc_row][vc_row][vc_column width=\u00bb1\/4&#8243;][\/vc_column][vc_column width=\u00bb1\/2&#8243;][vc_column_text]<\/p>\n<h3 style=\"text-align: center\"><strong>ACERO<\/strong><\/h3>\n<p><span style=\"color: #000000\"><strong>Casco de acero horma EEE<\/strong>,\u00a0cubierto de pintura anticorrosiva . Brinda protecci\u00f3n completa contra impactos y compresi\u00f3n en la zona de los dedos del pie.\u00a0Alta resistencia al impacto DE\u00a0101.7 J , alta Resistencia a la compresi\u00f3n 11,121 N.<\/span><\/p>\n<p><span style=\"color: #000000\">Normas de cumplimiento: ASTM F 2412 , NOM\u2013113\u2013STPS\u20132009.<\/span>[\/vc_column_text][\/vc_column][vc_column width=\u00bb1\/4&#8243;][\/vc_column][\/vc_row][vc_row][vc_column][vc_empty_space][\/vc_column][\/vc_row][vc_row][vc_column width=\u00bb1\/4&#8243;][\/vc_column][vc_column width=\u00bb1\/2&#8243;][vc_column_text]<\/p>\n<h3 style=\"text-align: center\"><span style=\"color: #000000\"><strong>C\u00d3MPOSIT \/ POLIAMIDA<\/strong><\/span><\/h3>\n<p><span style=\"color: #000000\"><strong>Casco de c\u00f3mposit<\/strong>, 100% libre de metal. Casco diel\u00e9ctrico, reduciendo la conducci\u00f3n de electricidad.\u00a0\u00a0Gran resistencia al impacto, no se astilla ni fractura en caso de que el casco fuera sometido a un impacto o compresi\u00f3n.<\/span><\/p>\n<p><span style=\"color: #000000\">Normas de cumplimiento<strong>:\u00a0<\/strong>ASTM F 2413 \u2013 11, EN 12568, ISO 20344:2004, NOM\u2013113\u2013STPS\u20132009.<\/span>[\/vc_column_text][\/vc_column][vc_column width=\u00bb1\/4&#8243;][\/vc_column][\/vc_row][vc_row][vc_column][vc_empty_space][\/vc_column][\/vc_row][vc_row type=\u00bbboxed\u00bb][vc_column][vc_cta h2=\u00bb\u00bb css=\u00bb.vc_custom_1590774044343{background-color: #dd3333 !important;}\u00bb]<\/p>\n<h4 style=\"text-align: center\"><span style=\"color: #ffffff\"><strong>\u00bfInteresado en Zapatos de seguridad? Recibe cotizaci\u00f3n en 24 horas.<\/strong><\/span><\/h4>\n<p>[\/vc_cta][\/vc_column][\/vc_row][vc_row type=\u00bbboxed\u00bb][vc_column][vc_column_text]<span style=\"color: #072040\"><span style=\"font-size: large\"><iframe loading=\"lazy\" height=\"800px\" width=\"100%\" frameborder=\"0\" allow=\"geolocation;microphone;camera\" src=\"https:\/\/forms.zohopublic.com\/virtualoffice9264\/form\/UYWebForm\/formperma\/OQZNSWRbJ-0Cb14OZheb3sreHrrdu_rvY9XTkaeh_3U\"> <\/iframe> <\/span><\/span>[\/vc_column_text][\/vc_column][\/vc_row][vc_row][vc_column][vc_empty_space][\/vc_column][\/vc_row][vc_row][vc_column][vc_cta h2=\u00bb\u00bb css=\u00bb.vc_custom_1590763964008{background-color: #000000 !important;}\u00bb]<\/p>\n<h3 style=\"text-align: center\"><span style=\"color: #ffffff\">SUELAS<\/span><\/h3>\n<p>[\/vc_cta][\/vc_column][\/vc_row][vc_row type=\u00bbboxed\u00bb][vc_column][vc_column_text]<span style=\"color: #000000\"><strong>Suela<\/strong> 100%<strong> de hule<\/strong> especial para uso rudo, \u00a0buena resistencia a la compresi\u00f3n y resistente a la absorci\u00f3n de agua. Estable en temperaturas de hasta 130\u00b0C. Excelente resistencia a la\u00a0abrasi\u00f3n y al desgarre, es decir, no se rompe. Ideal para pisos de\u00a0lodo, grava, arena, pavimentos, asfaltos, piedra monta\u00f1osa, \u00e1reas de mantenimiento, bodegas, etc.<\/span>[\/vc_column_text][\/vc_column][\/vc_row][vc_row type=\u00bbboxed\u00bb][vc_column][vc_column_text]<span style=\"color: #000000\"><strong>Suela 100% de hule con formulaci\u00f3n de nitrilo y \u00a0material elastom\u00e9rico<\/strong>. Formulada para resistir y no desintegrarse ante el\u00a0contacto con aceites, hidrocarburos, gasolina y di\u00e9sel. Excelente resistencia al\u00a0resbalamiento en condiciones de trabajo h\u00famedas.\u00a0Alta resistencia al calor y corrosi\u00f3n. Estable en temperaturas de <strong>hasta 130\u00b0C.<\/strong> Ideal para trabajos con presencia de l\u00edquidos \u00e1cidos,\u00a0carreteras de asfalto, talleres mec\u00e1nicos e\u00a0industria mar\u00edtima.<\/span>[\/vc_column_text][\/vc_column][\/vc_row][vc_row type=\u00bbboxed\u00bb][vc_column][vc_column_text]<span style=\"color: #000000\">Suela 100% de hule especial para <strong>uso rudo, \u00a0buena resistencia a la compresi\u00f3n y resistente a la <a href=\"https:\/\/ozapato.com\/uy\/calzado-antideslizante\/\">absorci\u00f3n de agua<\/a>.<\/strong> Estable en temperaturas de hasta 130\u00b0C. Excelente resistencia a la\u00a0abrasi\u00f3n y al desgarre, es decir, no se rompe. Ideal para pisos lisos, garitas de seguridad, \u00e1reas de mantenimiento, bodegas, lodo, piedra monta\u00f1osa, etc.<\/span>[\/vc_column_text][\/vc_column][\/vc_row][vc_row type=\u00bbboxed\u00bb][vc_column][vc_media_grid element_width=\u00bb6&#8243; grid_id=\u00bbvc_gid:1590774219597-acc468de-35b5-10&#8243; include=\u00bb199,72&#8243;][\/vc_column][\/vc_row][vc_row][vc_column][vc_empty_space][\/vc_column][\/vc_row][vc_row type=\u00bbboxed\u00bb][vc_column][vc_column_text]<span style=\"color: #000000\"><strong>Suela 100% de hule natural color caf\u00e9<\/strong>, con\u00a0formulaci\u00f3n especial para soportar descargas\u00a0el\u00e9ctricas de alta tensi\u00f3n hasta <a href=\"https:\/\/ozapato.com\/uy\/calzado-antiestatico\/\">14,000 volteos.<\/a>\u00a0\u00a0Aprobada bajo la norma <strong>ASTM-F-2413-05<\/strong>, \u00a0con una fuga de corriente no mayor a 1 mili-ampere durante 60 segundos. Estable en temperaturas de hasta 130\u00b0C, excelente resistencia a la abrasi\u00f3n y al desgarre, no se rompe.<\/span>[\/vc_column_text][\/vc_column][\/vc_row][vc_row type=\u00bbboxed\u00bb][vc_column][vc_column_text]<span style=\"color: #000000\"><strong>Suela 100% de \u00a0hule natural con formulaci\u00f3n de nitrilo<\/strong>. Resistente al contacto con\u00a0aceites, aditivos, lubricantes, hidrocarburos y\u00a0gasolina. Alta resistencia al calor y corrosi\u00f3n. Excelente resistencia a la\u00a0abrasi\u00f3n y al desgarre, la suela no se rompe.\u00a0Estable en temperaturas de hasta <strong>200\u00b0C.<\/strong> Ideal para trabajos en carreteras con asfalto, talleres mec\u00e1nicos, piedras, grava, industria mar\u00edtima, etc.<\/span>[\/vc_column_text][\/vc_column][\/vc_row][vc_row type=\u00bbboxed\u00bb][vc_column][vc_column_text]<span style=\"color: #000000\"><strong>Suela 100% de hule con formulaci\u00f3n de nitrilo<\/strong> y \u00a0material elastom\u00e9rico. Formulada para resistir y no desintegrarse ante el\u00a0contacto con aceites, hidrocarburos, gasolina, material corrosivo y diesel. Excelente resistencia al\u00a0resbalamiento en condiciones de trabajo h\u00famedas, pisos contaminados con grasas, sustancias jabonosas o muy resbalosos. Alta resistencia al calor y corrosi\u00f3n. Estable en temperaturas de hasta 130\u00b0C. Ideal para trabajos en carreteras, asfalto, centros de maquinado, talleres mec\u00e1nicos e\u00a0industria mar\u00edtima.<\/span>[\/vc_column_text][\/vc_column][\/vc_row][vc_row type=\u00bbboxed\u00bb][vc_column][vc_column_text]<span style=\"color: #000000\">Suela 100% de hule, con muy buenas <strong>propiedades antiderrapantes<\/strong>. <a href=\"https:\/\/ozapato.com\/uy\/zapatos-para-chef\/\">Ligera<\/a> y confortable, reduce el peso del calzado hasta un <strong>15%<\/strong>; \u00a0Resistente a la absorci\u00f3n y buena resistencia a aceites e hidrocarburos. Ideal para garitas de seguridad, almacenes, supermercados, cementos pulidos, hospitales, estacionamientos, etc.<\/span>[\/vc_column_text][\/vc_column][\/vc_row][vc_row type=\u00bbboxed\u00bb][vc_column][vc_column_text]<span style=\"color: #000000\">Suela exclusiva OZAPATO<strong> Slip and Oil Resistant<\/strong>, especialmente fabricadas para su confort y firmeza para convatir los posibles impactos que pueda sufrir. Posee propiedades antideslizantes, a la vez que flexibilidad. Ligera y confortable, reduce el peso del calzado hasta un 15%; \u00a0Resistente a la absorci\u00f3n y buena resistencia a aceites e hidrocarburos. Ideal para garitas de seguridad, almacenes, supermercados, cementos pulidos, hospitales, estacionamientos, etc.<\/span>[\/vc_column_text][\/vc_column][\/vc_row][vc_row][vc_column][vc_empty_space][\/vc_column][\/vc_row][vc_row][vc_column][vc_cta h2=\u00bb\u00bb css=\u00bb.vc_custom_1590765449436{background-color: #000000 !important;}\u00bb]<\/p>\n<h4 style=\"text-align: center\"><span style=\"color: #ffffff\">PLANTILLA<\/span><\/h4>\n<p>[\/vc_cta][\/vc_column][\/vc_row][vc_row][vc_column][vc_empty_space][\/vc_column][\/vc_row][vc_row type=\u00bbboxed\u00bb][vc_column][vc_column_text]<span style=\"color: #000000\"><strong>Plantilla antiperforaci\u00f3n textil \u00a0integrada en el\u00a0calzado<\/strong>, 100% libre de metal y no removible. Protecci\u00f3n\u00a0total al usuario contra objetos punzo-cortantes como clavos, varillas, alambres, pedazos met\u00e1licos, etc. \u00a0Elaborado con los mismos materiales utilizados en la\u00a0fabricaci\u00f3n de chalecos antibalas, permite que el calzado mantenga sus propiedades de transpiraci\u00f3n, es ligero, \u00a0y adem\u00e1s diel\u00e9ctrico.<\/span>[\/vc_column_text][\/vc_column][\/vc_row][vc_row type=\u00bbboxed\u00bb][vc_column][vc_column_text]<span style=\"color: #000000\">Plantilla de\u00a0poliuretano dise\u00f1ada con<strong> tecnolog\u00eda antifatiga.<\/strong> Absorbe el impacto en puntos espec\u00edficos del pie, c\u00f3moda durante toda la jornada de trabajo. \u00a0Su v\u00e1lvula en el tal\u00f3n,\u00a0reenv\u00eda la energ\u00eda al impacto para evitar la fatiga. La\u00a0plantilla de poliuretano\u00a0es textil, antimicrobiana, y puede ser lavada. \u00a0Ideal para mejorar la postura\u00a0y soporte al pie.<\/span>[\/vc_column_text][\/vc_column][\/vc_row][vc_row type=\u00bbboxed\u00bb][vc_column][vc_column_text]<span style=\"color: #000000\"><strong>Plantilla textil<\/strong> que\u00a0inhibe la proliferaci\u00f3n de hongos y bacterias. Plantillas lavables. Plantillas con alta\u00a0resistencia a la abrasi\u00f3n y desgarre, no se rompen ni deforman.<\/span>[\/vc_column_text][\/vc_column][\/vc_row][vc_row type=\u00bbboxed\u00bb][vc_column][vc_column_text]<span style=\"color: #000000\"><strong>Plantilla t\u00e9rmica<\/strong>, su forro\u00a0est\u00e1\u00a0elaborado a base de poli\u00e9ster y nylon tratado con sustancias que inhiben la proliferaci\u00f3n de hongos y bacterias. \u00a0Brinda un ambiente fresco en el interior del calzado cuando las temperaturas son elevadas. Ideal para cuarto fr\u00edo en donde el trabajo requiere estar expuesto a bajas temperaturas.<\/span>[\/vc_column_text][\/vc_column][\/vc_row][vc_row type=\u00bbboxed\u00bb][vc_column][vc_column_text]<span style=\"color: #000000\"><span lang=\"ES\"><strong>Plantilla de Celfil<\/strong> fabricada en material espumado de la m\u00e1s alta calidad. Impide la deformaci\u00f3n a pesar de la compresi\u00f3n que puedan sufrir por el peso del usuario. Ideal para calzados que no son fabricados con plantilla antiperforaci\u00f3n textil. Plantilla t<\/span><span lang=\"ES\">ratada<\/span><span lang=\"ES\"> con sustancias que inhiben la proliferaci\u00f3n de hongos y bacterias.<\/span><\/span>[\/vc_column_text][\/vc_column][\/vc_row][vc_row][vc_column][vc_empty_space][\/vc_column][\/vc_row][vc_row type=\u00bbboxed\u00bb][vc_column][vc_media_grid element_width=\u00bb3&#8243; grid_id=\u00bbvc_gid:1590774219608-f3b5a32e-bad0-4&#8243; include=\u00bb205,206,207,208,209&#8243;][\/vc_column][\/vc_row][vc_row][vc_column][vc_empty_space][\/vc_column][\/vc_row][vc_row type=\u00bbboxed\u00bb][vc_column][vc_cta h2=\u00bb\u00bb css=\u00bb.vc_custom_1590773734375{background-color: #000000 !important;}\u00bb]<\/p>\n<h4 style=\"text-align: center\"><span style=\"color: #ffffff\"><strong>TIPOS DE PROTECCI\u00d3N<\/strong><\/span><\/h4>\n<p>[\/vc_cta][\/vc_column][\/vc_row][vc_row][vc_column][vc_empty_space][\/vc_column][\/vc_row][vc_row type=\u00bbboxed\u00bb][vc_column][vc_media_grid element_width=\u00bb3&#8243; grid_id=\u00bbvc_gid:1590774219612-a2a6dc86-e181-0&#8243; include=\u00bb219,218,217,216&#8243;][\/vc_column][\/vc_row][vc_row type=\u00bbboxed\u00bb][vc_column][vc_column_text]<span style=\"color: #000000\">Destinado a proteger los dedos de los pies, donde existen riesgos de impacto y compresi\u00f3n en la punta del pie. Horma EEE, casco ancho y alto para mejor movimiento de los dedos.<\/span><\/p>\n<p><span style=\"color: #000000\">Puntera de acero y c\u00f3mposit \/ poliamida<strong>:\u00a0ASTM F 2413 \u2013 11, EN 12568, ISO 20344:2004, NOM\u2013113\u2013STPS\u20132009.<\/strong><\/span>[\/vc_column_text][\/vc_column][\/vc_row][vc_row type=\u00bbboxed\u00bb][vc_column][vc_column_text]<span style=\"color: #000000\"><strong>Plantilla antiperforaci\u00f3n textil<\/strong> \u00a0integrada en el\u00a0calzado, <strong>100% libre de metal<\/strong> y no removible. Protecci\u00f3n\u00a0total al usuario contra objetos punzo-cortantes, como clavos, varillas, alambres, pedazos met\u00e1licos, etc.<\/span>[\/vc_column_text][\/vc_column][\/vc_row][vc_row type=\u00bbboxed\u00bb][vc_column][vc_column_text]<span style=\"color: #000000\"><strong>Suela 100 % de hule<\/strong>, estable en temperaturas de hasta<strong> 130\u00b0C<\/strong>. Ideal para trabajos en carreteras, asfalto, centros de maquinado o talleres mec\u00e1nicos.<\/span>[\/vc_column_text][\/vc_column][\/vc_row][vc_row type=\u00bbboxed\u00bb][vc_column][vc_column_text]<span style=\"color: #000000\"><strong>Suela 100% de hule<\/strong> con formulaci\u00f3n de nitrilo y \u00a0material elastom\u00e9rico. Formulada para resistir y no desintegrarse ante el\u00a0contacto con aceites, hidrocarburos, gasolina, material corrosivo y di\u00e9sel.<\/span>[\/vc_column_text][\/vc_column][\/vc_row][vc_row type=\u00bbboxed\u00bb][vc_column][vc_column_text]<span style=\"color: #000000\"><strong>Membrana de cuero<\/strong> superficial repelente a l\u00edquidos, cuero\u00a0totalmente hidrofugado\u00a0asegurando que el pie del usuario se mantendr\u00e1 en un ambiente seco por un tiempo prolongado.<\/span>[\/vc_column_text][\/vc_column][\/vc_row][vc_row type=\u00bbboxed\u00bb][vc_column][vc_column_text]<span style=\"color: #000000\"><strong>Forro acolchado textil<\/strong> de algod\u00f3n y nylon, tratado con sustancias que inhiben la proliferaci\u00f3n de hongos y bacterias.<\/span>[\/vc_column_text][\/vc_column][\/vc_row][vc_row type=\u00bbboxed\u00bb][vc_column][vc_column_text]<span style=\"color: #000000\"><strong>Bota cosida en 360\u00b0<\/strong> en construcci\u00f3n <strong>Goodyear Welt<\/strong>, ofrece una impermeabilidad total hasta la leng\u00fceta.<\/span>[\/vc_column_text][\/vc_column][\/vc_row][vc_row type=\u00bbboxed\u00bb][vc_column][vc_column_text]<strong>Calzado\u00a0aislante,<\/strong> protege al usuario de sufrir descargas el\u00e9ctricas por medio de los pies.\u00a0Aprobados en laboratorio y por la norma <strong>ASTM F 2413 \u2013 11<\/strong>, soporta una descarga de hasta <strong>14,000 Volts.<\/strong>[\/vc_column_text][\/vc_column][\/vc_row][vc_row][vc_column][vc_empty_space][\/vc_column][\/vc_row][vc_row type=\u00bbboxed\u00bb][vc_column][vc_media_grid element_width=\u00bb3&#8243; grid_id=\u00bbvc_gid:1590774219619-d0fade57-f219-0&#8243; include=\u00bb215,214,213,212&#8243;][\/vc_column][\/vc_row][vc_row][vc_column][vc_empty_space][\/vc_column][\/vc_row][vc_row][vc_column][vc_column_text]\n<div id=\"sb_instagram\"  class=\"sbi sbi_mob_col_1 sbi_tab_col_2 sbi_col_4\" style=\"padding-bottom: 10px; width: 100%;\"\t data-feedid=\"sbi_17841401193873551#20\"  data-res=\"auto\" data-cols=\"4\" data-colsmobile=\"1\" data-colstablet=\"2\" data-num=\"20\" data-nummobile=\"\" data-item-padding=\"5\"\t data-shortcode-atts=\"{}\"  data-postid=\"196\" data-locatornonce=\"64055d9812\" data-imageaspectratio=\"1:1\" data-sbi-flags=\"favorLocal,gdpr\">\n\t\n\t<div id=\"sbi_images\"  style=\"gap: 10px;\">\n\t\t\t<\/div>\n\n\t<div id=\"sbi_load\" >\n\n\t\n\t\t\t<span class=\"sbi_follow_btn\" >\n\t\t\t<a target=\"_blank\" rel=\"nofollow noopener\" href=\"https:\/\/www.instagram.com\/17841401193873551\/\">\n\t\t\t\t<svg class=\"svg-inline--fa fa-instagram fa-w-14\" aria-hidden=\"true\" data-fa-processed=\"\" aria-label=\"Instagram\" data-prefix=\"fab\" data-icon=\"instagram\" role=\"img\" viewBox=\"0 0 448 512\">\n                    <path fill=\"currentColor\" d=\"M224.1 141c-63.6 0-114.9 51.3-114.9 114.9s51.3 114.9 114.9 114.9S339 319.5 339 255.9 287.7 141 224.1 141zm0 189.6c-41.1 0-74.7-33.5-74.7-74.7s33.5-74.7 74.7-74.7 74.7 33.5 74.7 74.7-33.6 74.7-74.7 74.7zm146.4-194.3c0 14.9-12 26.8-26.8 26.8-14.9 0-26.8-12-26.8-26.8s12-26.8 26.8-26.8 26.8 12 26.8 26.8zm76.1 27.2c-1.7-35.9-9.9-67.7-36.2-93.9-26.2-26.2-58-34.4-93.9-36.2-37-2.1-147.9-2.1-184.9 0-35.8 1.7-67.6 9.9-93.9 36.1s-34.4 58-36.2 93.9c-2.1 37-2.1 147.9 0 184.9 1.7 35.9 9.9 67.7 36.2 93.9s58 34.4 93.9 36.2c37 2.1 147.9 2.1 184.9 0 35.9-1.7 67.7-9.9 93.9-36.2 26.2-26.2 34.4-58 36.2-93.9 2.1-37 2.1-147.8 0-184.8zM398.8 388c-7.8 19.6-22.9 34.7-42.6 42.6-29.5 11.7-99.5 9-132.1 9s-102.7 2.6-132.1-9c-19.6-7.8-34.7-22.9-42.6-42.6-11.7-29.5-9-99.5-9-132.1s-2.6-102.7 9-132.1c7.8-19.6 22.9-34.7 42.6-42.6 29.5-11.7 99.5-9 132.1-9s102.7-2.6 132.1 9c19.6 7.8 34.7 22.9 42.6 42.6 11.7 29.5 9 99.5 9 132.1s2.7 102.7-9 132.1z\"><\/path>\n                <\/svg>\t\t\t\t<span>S\u00edguenos en Instagram<\/span>\n\t\t\t<\/a>\n\t\t<\/span>\n\t\n<\/div>\n\t\t<span class=\"sbi_resized_image_data\" data-feed-id=\"sbi_17841401193873551#20\"\n\t\t  data-resized=\"[]\">\n\t<\/span>\n\t<\/div>\n\n[\/vc_column_text][\/vc_column][\/vc_row]<\/p>\n","protected":false},"excerpt":{"rendered":"<p>[vc_row video_bg=\u00bbyes\u00bb video_bg_url=\u00bbhttps:\/\/www.youtube.com\/watch?v=__oq67bsM8A\u00bb type=\u00bbboxed\u00bb][vc_column][vc_column_text] TECNOLOG\u00cdA\u00a0 [\/vc_column_text][\/vc_column][\/vc_row][vc_row][vc_column][vc_empty_space][\/vc_column][\/vc_row][vc_row][vc_column width=\u00bb1\/4&#8243;][\/vc_column][vc_column width=\u00bb1\/2&#8243;][vc_column_text] \u00a1LA TECNOLOG\u00cdA DE LOS ZAPATOS MAS SEGUROS DE URUGUAY La tecnolog\u00eda de OZAPATO tiene la misi\u00f3n de fabricar los modelos de zapatos y botas de seguridad del mercado. Con un departamento de Innovaci\u00f3n y Desarrollo situado en M\u00e9xico, OZAPATO busca brindarle el calzado de protecci\u00f3n m\u00e1s novedoso [&hellip;]<\/p>\n","protected":false},"author":350,"featured_media":0,"parent":0,"menu_order":0,"comment_status":"closed","ping_status":"closed","template":"page-full-width.php","meta":{"footnotes":""},"class_list":["post-196","page","type-page","status-publish","hentry"],"_links":{"self":[{"href":"https:\/\/ozapato.com\/uy\/wp-json\/wp\/v2\/pages\/196","targetHints":{"allow":["GET"]}}],"collection":[{"href":"https:\/\/ozapato.com\/uy\/wp-json\/wp\/v2\/pages"}],"about":[{"href":"https:\/\/ozapato.com\/uy\/wp-json\/wp\/v2\/types\/page"}],"author":[{"embeddable":true,"href":"https:\/\/ozapato.com\/uy\/wp-json\/wp\/v2\/users\/350"}],"replies":[{"embeddable":true,"href":"https:\/\/ozapato.com\/uy\/wp-json\/wp\/v2\/comments?post=196"}],"version-history":[{"count":10,"href":"https:\/\/ozapato.com\/uy\/wp-json\/wp\/v2\/pages\/196\/revisions"}],"predecessor-version":[{"id":231,"href":"https:\/\/ozapato.com\/uy\/wp-json\/wp\/v2\/pages\/196\/revisions\/231"}],"wp:attachment":[{"href":"https:\/\/ozapato.com\/uy\/wp-json\/wp\/v2\/media?parent=196"}],"curies":[{"name":"wp","href":"https:\/\/api.w.org\/{rel}","templated":true}]}}