{"id":23,"date":"2020-05-22T12:21:44","date_gmt":"2020-05-22T12:21:44","guid":{"rendered":"https:\/\/ozapato.com\/uy\/?page_id=23"},"modified":"2020-05-29T18:42:57","modified_gmt":"2020-05-29T18:42:57","slug":"industrial","status":"publish","type":"page","link":"https:\/\/ozapato.com\/uy\/industrial\/","title":{"rendered":"INDUSTRIAL"},"content":{"rendered":"<p>[vc_row video_bg=\u00bbyes\u00bb video_bg_url=\u00bbhttps:\/\/www.youtube.com\/watch?v=__oq67bsM8A \u00ab][vc_column][vc_column_text css=\u00bb.vc_custom_1590153021429{padding-top: 32px !important;}\u00bb]<\/p>\n<h3 style=\"text-align: center\"><strong><span style=\"color: #ffffff\">INDUSTRIAL<\/span><\/strong><\/h3>\n<p>[\/vc_column_text][\/vc_column][\/vc_row][vc_row][vc_column][vc_empty_space][\/vc_column][\/vc_row][vc_row type=\u00bbboxed\u00bb][vc_column width=\u00bb1\/4&#8243;]\n\t\t<div class=\"shortcode_banner_simple_height \" onclick=\"location.href='https:\/\/ozapato.com\/uy\/calzado-dielectrico\/';\" style=\"height:275pxpx;\">\n\t\t\t<div class=\"shortcode_banner_simple_height_inner\">\n\t\t\t\t<div class=\"shortcode_banner_simple_height_bkg\" style=\"background-color:#000000; background-image:url()\"><\/div>\n\t\t\t\n\t\t\t\t<div class=\"shortcode_banner_simple_height_inside\" style=\"border: 0px solid #fff\">\n\t\t\t\t\t<div class=\"shortcode_banner_simple_height_content\">\n\t\t\t\t\t\t<div><h3 class=\"banner_title\" style=\"color:#ffffff\">Diel\u00e9ctricas<\/h3><\/div>\n\t\t\t\t\t\t<div class=\"shortcode_banner_simple_height_sep\" style=\"margin:5px auto; background-color:#fff;\"><\/div>\n\t\t\t\t\t\t<div><h4 class=\"banner_subtitle\" style=\"color:#fff\">Calzado de seguridad hasta 18.000 voltios.<\/h4><\/div>\n\t\t\t\t\t<\/div>\n\t\t\t\t<\/div>\n\t\t\t<\/div><\/div>[\/vc_column][vc_column width=\u00bb1\/4&#8243;]\n\t\t<div class=\"shortcode_banner_simple_height \" onclick=\"location.href='https:\/\/ozapato.com\/uy\/botas-para-soldadores\/';\" style=\"height:275pxpx;\">\n\t\t\t<div class=\"shortcode_banner_simple_height_inner\">\n\t\t\t\t<div class=\"shortcode_banner_simple_height_bkg\" style=\"background-color:#dd3333; background-image:url()\"><\/div>\n\t\t\t\n\t\t\t\t<div class=\"shortcode_banner_simple_height_inside\" style=\"border: 0px solid #dd3333\">\n\t\t\t\t\t<div class=\"shortcode_banner_simple_height_content\">\n\t\t\t\t\t\t<div><h3 class=\"banner_title\" style=\"color:#ffffff\">Soldador<\/h3><\/div>\n\t\t\t\t\t\t<div class=\"shortcode_banner_simple_height_sep\" style=\"margin:5px auto; background-color:#fff;\"><\/div>\n\t\t\t\t\t\t<div><h4 class=\"banner_subtitle\" style=\"color:#ffffff\">Botas para soldadores<\/h4><\/div>\n\t\t\t\t\t<\/div>\n\t\t\t\t<\/div>\n\t\t\t<\/div><\/div>[\/vc_column][vc_column width=\u00bb1\/4&#8243;]\n\t\t<div class=\"shortcode_banner_simple_height \" onclick=\"location.href='https:\/\/ozapato.com\/uy\/botas-tacticas\/';\" style=\"height:275pxpx;\">\n\t\t\t<div class=\"shortcode_banner_simple_height_inner\">\n\t\t\t\t<div class=\"shortcode_banner_simple_height_bkg\" style=\"background-color:#000000; background-image:url()\"><\/div>\n\t\t\t\n\t\t\t\t<div class=\"shortcode_banner_simple_height_inside\" style=\"border: 0px solid #000000\">\n\t\t\t\t\t<div class=\"shortcode_banner_simple_height_content\">\n\t\t\t\t\t\t<div><h3 class=\"banner_title\" style=\"color:#ffffff\">T\u00e1cticas y Militares<\/h3><\/div>\n\t\t\t\t\t\t<div class=\"shortcode_banner_simple_height_sep\" style=\"margin:5px auto; background-color:#fff;\"><\/div>\n\t\t\t\t\t\t<div><h4 class=\"banner_subtitle\" style=\"color:#ffffff\">OZAPATO<\/h4><\/div>\n\t\t\t\t\t<\/div>\n\t\t\t\t<\/div>\n\t\t\t<\/div><\/div>[\/vc_column][vc_column width=\u00bb1\/4&#8243;]\n\t\t<div class=\"shortcode_banner_simple_height \" onclick=\"location.href='https:\/\/ozapato.com\/uy\/zapatos-para-chef\/';\" style=\"height:275pxpx;\">\n\t\t\t<div class=\"shortcode_banner_simple_height_inner\">\n\t\t\t\t<div class=\"shortcode_banner_simple_height_bkg\" style=\"background-color:#dd3333; background-image:url()\"><\/div>\n\t\t\t\n\t\t\t\t<div class=\"shortcode_banner_simple_height_inside\" style=\"border: 0px solid #dd3333\">\n\t\t\t\t\t<div class=\"shortcode_banner_simple_height_content\">\n\t\t\t\t\t\t<div><h3 class=\"banner_title\" style=\"color:#ffffff\">Restauraci\u00f3n<\/h3><\/div>\n\t\t\t\t\t\t<div class=\"shortcode_banner_simple_height_sep\" style=\"margin:5px auto; background-color:#fff;\"><\/div>\n\t\t\t\t\t\t<div><h4 class=\"banner_subtitle\" style=\"color:#ffffff\">Zapatos para Chefs y Restaurantes.<\/h4><\/div>\n\t\t\t\t\t<\/div>\n\t\t\t\t<\/div>\n\t\t\t<\/div><\/div>[\/vc_column][\/vc_row][vc_row][vc_column][vc_empty_space][\/vc_column][\/vc_row][vc_row][vc_column width=\u00bb1\/4&#8243;][\/vc_column][vc_column width=\u00bb1\/2&#8243;][vc_column_text]<\/p>\n<h2 style=\"text-align: center\"><span style=\"color: #000000\"><a style=\"color: #000000\" href=\"https:\/\/emojipedia.org\/flag-uruguay\/\" target=\"_blank\" rel=\"noopener\"><span class=\"emoji\">\ud83c\uddfa\ud83c\uddfe<\/span><\/a><\/span><\/h2>\n<h4 style=\"text-align: center\"><span style=\"color: #000000\"><b>CARACTER\u00cdSTICAS DE UN BUEN CALZADO DE SEGURIDAD\u00a0<\/b><\/span><\/h4>\n<p><span style=\"color: #000000\">Conocer las caracter\u00edsticas de las<b>\u00a0botas de seguridad<\/b>\u00a0es indispensable a la hora de elegir unas<b>\u00a0botas de seguridad laboral<\/b>.Ya que es vital para elegir el zapato m\u00e1s adecuado seg\u00fan la actividad a la que te dedicas:<\/span><\/p>\n<ul>\n<li><span style=\"color: #000000\">Miner\u00eda.<\/span><\/li>\n<li><span style=\"color: #000000\">Industrial.<\/span><\/li>\n<li><span style=\"color: #000000\">Portuaria.<\/span><\/li>\n<li><span style=\"color: #000000\">Diel\u00e9ctrica.<\/span><\/li>\n<li><span style=\"color: #000000\">Petrolera.<\/span><\/li>\n<li><span style=\"color: #000000\">Oil &amp; Gas.<\/span><\/li>\n<li><span style=\"color: #000000\">T\u00e1cticas.<\/span><\/li>\n<li><span style=\"color: #000000\">Restauraci\u00f3n.<\/span><\/li>\n<li><span style=\"color: #000000\">Soldador.<\/span><\/li>\n<\/ul>\n<p><span style=\"color: #000000\">Por esta raz\u00f3n, una investigaci\u00f3n previa te permitir\u00e1 hacer una selecci\u00f3n adecuada de tu nueva adquisici\u00f3n; si conoces las exigencias f\u00edsicas y ambientales donde realizar\u00e1s tu trabajo.<\/span><\/p>\n<p><span style=\"color: #000000\">Tambi\u00e9n hay que tener en cuenta los posibles\u00a0riesgos laborales\u00a0que puedes\u00a0 tener seg\u00fan tu \u00e1rea de trabajo, y donde tus pies estar\u00e1n expuestos: Puertos, Gasolineras, Metalurgia, Cocinas,etc.<\/span><\/p>\n<p><span style=\"color: #000000\">En las zonas de trabajo los pies son vulnerables a:<\/span><\/p>\n<ul>\n<li><span style=\"color: #000000\"><b>Descargas el\u00e9ctricas<\/b>\u00a0en \u00e1rea con gran exposici\u00f3n el\u00e9ctrica.<\/span><\/li>\n<li><span style=\"color: #000000\"><a style=\"color: #000000\" href=\"https:\/\/ozapato.com\/bo\/botas-tacticas-militares\/\"><b>Deslizamientos y torceduras<\/b><\/a>\u00a0en \u00e1reas resbaladizas o mojadas.<\/span><\/li>\n<li><span style=\"color: #000000\"><b>Lesiones en la piel<\/b>\u00a0por\u00a0<b>quemaduras<\/b>\u00a0al exponerse en \u00e1reas donde se manipulen<a style=\"color: #000000\" href=\"https:\/\/es.wikipedia.org\/wiki\/Producto_qu%C3%ADmico\" target=\"_blank\" rel=\"noopener noreferrer\">\u00a0productos qu\u00edmicos<\/a>\u00a0o corrosivos.<\/span><\/li>\n<\/ul>\n<p><span style=\"color: #000000\">Por estas razones,<a style=\"color: #000000\" href=\"http:\/\/www.ozapato.com\/\">\u00a0OZAPATO<\/a>, te ofrece las 5\u00a0<b>caracter\u00edsticas claves que debe tener unas botas de seguridad.<\/b><\/span><\/p>\n<p><span style=\"color: #000000\">1.Las botas de seguridad deben tener suela<b> antideslizante.<\/b><\/span><\/p>\n<p><span style=\"color: #000000\">2.El calzado de seguridad debe tener resistencia al agua.<\/span><\/p>\n<p><span style=\"color: #000000\">3.Los zapatos de seguridad deben ser flexibles, c\u00f3modos y confortables para largas jornada de trabajo.<\/span><\/p>\n<p><span style=\"color: #000000\">4.La<a style=\"color: #000000\" href=\"https:\/\/ozapato.com\/bo\/tecnologia\/\">\u00a0puntera de seguridad<\/a>\u00a0es esencial para la protecci\u00f3n de tus pies.<\/span><\/p>\n<p><span style=\"color: #000000\">5.Las botas de seguridad deben ser aislantes contra el fr\u00edo y la electricidad.<\/span>[\/vc_column_text][\/vc_column][vc_column width=\u00bb1\/4&#8243;][\/vc_column][\/vc_row][vc_row][vc_column][vc_empty_space][\/vc_column][\/vc_row][vc_row type=\u00bbboxed\u00bb][vc_column][vc_cta h2=\u00bb\u00bb css=\u00bb.vc_custom_1590152420680{background-color: #dd3333 !important;}\u00bb]<\/p>\n<h4 style=\"text-align: center\"><span style=\"color: #ffffff\"><strong>\u00bfInteresado en calzado de seguridad industrial? Cotizaci\u00f3n en 24 hs.<\/strong><\/span><\/h4>\n<p>[\/vc_cta][\/vc_column][\/vc_row][vc_row type=\u00bbboxed\u00bb][vc_column][vc_column_text]<span style=\"color: #072040\"><span style=\"font-size: large\"><iframe loading=\"lazy\" height=\"800px\" width=\"100%\" frameborder=\"0\" allow=\"geolocation;microphone;camera\" src=\"https:\/\/forms.zohopublic.com\/virtualoffice9264\/form\/UYWebForm\/formperma\/OQZNSWRbJ-0Cb14OZheb3sreHrrdu_rvY9XTkaeh_3U\"> <\/iframe> <\/span><\/span>[\/vc_column_text][\/vc_column][\/vc_row][vc_row type=\u00bbboxed\u00bb][vc_column][vc_media_grid grid_id=\u00bbvc_gid:1590777647731-ca79d864-b184-10&#8243; include=\u00bb238,242,240&#8243;][\/vc_column][\/vc_row][vc_row][vc_column][vc_empty_space][\/vc_column][\/vc_row][vc_row][vc_column][vc_column_text][\/vc_column_text][\/vc_column][\/vc_row][vc_row][vc_column width=\u00bb1\/4&#8243;][\/vc_column][vc_column width=\u00bb1\/2&#8243;][vc_column_text]<\/p>\n<h4 style=\"text-align: center\"><span style=\"color: #000000\">\u00bfPOR\u00a0<strong>QU\u00c9\u00a0<\/strong>SOMOS SU MEJOR OPCI\u00d3N EN BOTAS DE SEGURIDAD EN MONTEVIDEO?<\/span><\/h4>\n<p><span style=\"color: #000000\">Gracias a nuestro origen internacional y con una visi\u00f3n global, tomamos lo mejor de M\u00e9xico y lo mejor del mundo para poder ofrecer a usted la experiencia OZAPATO. Por ello, usamos materiales 100% de\u00a0<a style=\"color: #000000\" href=\"https:\/\/es.wikipedia.org\/wiki\/Cuero\" target=\"_blank\" rel=\"noopener noreferrer\">cuero<\/a>\u00a0y\u00a0<strong>suelas de alta calidad.<\/strong>\u00a0Usted podr\u00e1 comprobar, al momento de usar sus botas industriales OZAPATO, que prestamos mucha atenci\u00f3n a la\u00a0<strong>calidad<\/strong>\u00a0de nuestras pieles y suelas. Todas nuestras<a style=\"color: #000000\" href=\"https:\/\/es.wikipedia.org\/wiki\/Calzado_de_protecci%C3%B3n\" target=\"_blank\" rel=\"noopener noreferrer\">\u00a0botas de\u00a0 seguridad\u00a0<\/a>, son creados para soportar condiciones extremas de humedad y temperatura.Adem\u00e1s para\u00a0poder ofrecerle el\u00a0<strong>mejor precio<\/strong>\u00a0con este nivel de calidad, nuestro modelo de negocio le conecta\u00a0<strong>directamente a la fabrica<\/strong>, evitando cualquier intermediario que no le aporta valor. Y\u00a0 por \u00faltimo ofrecemos una<strong>\u00a0garant\u00eda de 6 meses<\/strong>\u00a0por nuestros calzados de seguridad\u00a0 y\u00a0\u00a0<strong>cotizaci\u00f3n gratuita en 24 hs<\/strong>.<\/span>[\/vc_column_text][\/vc_column][vc_column width=\u00bb1\/4&#8243;][\/vc_column][\/vc_row][vc_row][vc_column][vc_empty_space][\/vc_column][\/vc_row][vc_row][vc_column][vc_column_text]\n<div id=\"sb_instagram\"  class=\"sbi sbi_mob_col_1 sbi_tab_col_2 sbi_col_4\" style=\"padding-bottom: 10px; width: 100%;\"\t data-feedid=\"sbi_17841401193873551#20\"  data-res=\"auto\" data-cols=\"4\" data-colsmobile=\"1\" data-colstablet=\"2\" data-num=\"20\" data-nummobile=\"\" data-item-padding=\"5\"\t data-shortcode-atts=\"{}\"  data-postid=\"23\" data-locatornonce=\"eb2a9672c8\" data-imageaspectratio=\"1:1\" data-sbi-flags=\"favorLocal,gdpr\">\n\t\n\t<div id=\"sbi_images\"  style=\"gap: 10px;\">\n\t\t\t<\/div>\n\n\t<div id=\"sbi_load\" >\n\n\t\n\t\t\t<span class=\"sbi_follow_btn\" >\n\t\t\t<a target=\"_blank\" rel=\"nofollow noopener\" href=\"https:\/\/www.instagram.com\/17841401193873551\/\">\n\t\t\t\t<svg class=\"svg-inline--fa fa-instagram fa-w-14\" aria-hidden=\"true\" data-fa-processed=\"\" aria-label=\"Instagram\" data-prefix=\"fab\" data-icon=\"instagram\" role=\"img\" viewBox=\"0 0 448 512\">\n                    <path fill=\"currentColor\" d=\"M224.1 141c-63.6 0-114.9 51.3-114.9 114.9s51.3 114.9 114.9 114.9S339 319.5 339 255.9 287.7 141 224.1 141zm0 189.6c-41.1 0-74.7-33.5-74.7-74.7s33.5-74.7 74.7-74.7 74.7 33.5 74.7 74.7-33.6 74.7-74.7 74.7zm146.4-194.3c0 14.9-12 26.8-26.8 26.8-14.9 0-26.8-12-26.8-26.8s12-26.8 26.8-26.8 26.8 12 26.8 26.8zm76.1 27.2c-1.7-35.9-9.9-67.7-36.2-93.9-26.2-26.2-58-34.4-93.9-36.2-37-2.1-147.9-2.1-184.9 0-35.8 1.7-67.6 9.9-93.9 36.1s-34.4 58-36.2 93.9c-2.1 37-2.1 147.9 0 184.9 1.7 35.9 9.9 67.7 36.2 93.9s58 34.4 93.9 36.2c37 2.1 147.9 2.1 184.9 0 35.9-1.7 67.7-9.9 93.9-36.2 26.2-26.2 34.4-58 36.2-93.9 2.1-37 2.1-147.8 0-184.8zM398.8 388c-7.8 19.6-22.9 34.7-42.6 42.6-29.5 11.7-99.5 9-132.1 9s-102.7 2.6-132.1-9c-19.6-7.8-34.7-22.9-42.6-42.6-11.7-29.5-9-99.5-9-132.1s-2.6-102.7 9-132.1c7.8-19.6 22.9-34.7 42.6-42.6 29.5-11.7 99.5-9 132.1-9s102.7-2.6 132.1 9c19.6 7.8 34.7 22.9 42.6 42.6 11.7 29.5 9 99.5 9 132.1s2.7 102.7-9 132.1z\"><\/path>\n                <\/svg>\t\t\t\t<span>S\u00edguenos en Instagram<\/span>\n\t\t\t<\/a>\n\t\t<\/span>\n\t\n<\/div>\n\t\t<span class=\"sbi_resized_image_data\" data-feed-id=\"sbi_17841401193873551#20\"\n\t\t  data-resized=\"[]\">\n\t<\/span>\n\t<\/div>\n\n[\/vc_column_text][\/vc_column][\/vc_row]<\/p>\n","protected":false},"excerpt":{"rendered":"<p>[vc_row video_bg=\u00bbyes\u00bb video_bg_url=\u00bbhttps:\/\/www.youtube.com\/watch?v=__oq67bsM8A \u00ab][vc_column][vc_column_text css=\u00bb.vc_custom_1590153021429{padding-top: 32px !important;}\u00bb] INDUSTRIAL [\/vc_column_text][\/vc_column][\/vc_row][vc_row][vc_column][vc_empty_space][\/vc_column][\/vc_row][vc_row type=\u00bbboxed\u00bb][vc_column width=\u00bb1\/4&#8243;][\/vc_column][vc_column width=\u00bb1\/4&#8243;][\/vc_column][vc_column width=\u00bb1\/4&#8243;][\/vc_column][vc_column width=\u00bb1\/4&#8243;][\/vc_column][\/vc_row][vc_row][vc_column][vc_empty_space][\/vc_column][\/vc_row][vc_row][vc_column width=\u00bb1\/4&#8243;][\/vc_column][vc_column width=\u00bb1\/2&#8243;][vc_column_text] \ud83c\uddfa\ud83c\uddfe CARACTER\u00cdSTICAS DE UN BUEN CALZADO DE SEGURIDAD\u00a0 Conocer las caracter\u00edsticas de las\u00a0botas de seguridad\u00a0es indispensable a la hora de elegir unas\u00a0botas de seguridad laboral.Ya que es vital para elegir el zapato m\u00e1s adecuado seg\u00fan la actividad a la [&hellip;]<\/p>\n","protected":false},"author":350,"featured_media":0,"parent":0,"menu_order":0,"comment_status":"closed","ping_status":"closed","template":"page-full-width.php","meta":{"footnotes":""},"class_list":["post-23","page","type-page","status-publish","hentry"],"_links":{"self":[{"href":"https:\/\/ozapato.com\/uy\/wp-json\/wp\/v2\/pages\/23","targetHints":{"allow":["GET"]}}],"collection":[{"href":"https:\/\/ozapato.com\/uy\/wp-json\/wp\/v2\/pages"}],"about":[{"href":"https:\/\/ozapato.com\/uy\/wp-json\/wp\/v2\/types\/page"}],"author":[{"embeddable":true,"href":"https:\/\/ozapato.com\/uy\/wp-json\/wp\/v2\/users\/350"}],"replies":[{"embeddable":true,"href":"https:\/\/ozapato.com\/uy\/wp-json\/wp\/v2\/comments?post=23"}],"version-history":[{"count":20,"href":"https:\/\/ozapato.com\/uy\/wp-json\/wp\/v2\/pages\/23\/revisions"}],"predecessor-version":[{"id":243,"href":"https:\/\/ozapato.com\/uy\/wp-json\/wp\/v2\/pages\/23\/revisions\/243"}],"wp:attachment":[{"href":"https:\/\/ozapato.com\/uy\/wp-json\/wp\/v2\/media?parent=23"}],"curies":[{"name":"wp","href":"https:\/\/api.w.org\/{rel}","templated":true}]}}