{"id":45,"date":"2020-05-25T14:45:13","date_gmt":"2020-05-25T14:45:13","guid":{"rendered":"https:\/\/ozapato.com\/uy\/?page_id=45"},"modified":"2020-05-29T19:12:09","modified_gmt":"2020-05-29T19:12:09","slug":"botas-tacticas","status":"publish","type":"page","link":"https:\/\/ozapato.com\/uy\/botas-tacticas\/","title":{"rendered":"BOTAS T\u00c1CTICAS"},"content":{"rendered":"<p>[vc_row video_bg=\u00bbyes\u00bb video_bg_url=\u00bbhttps:\/\/www.youtube.com\/watch?v=__oq67bsM8A \u00ab][vc_column][vc_column_text css=\u00bb.vc_custom_1590416705018{padding-top: 32px !important;}\u00bb]<\/p>\n<h3 style=\"text-align: center\"><span style=\"color: #ffffff\">T\u00c1CTICAS<\/span><\/h3>\n<p>[\/vc_column_text][\/vc_column][\/vc_row][vc_row][vc_column][vc_empty_space][\/vc_column][\/vc_row][vc_row][vc_column width=\u00bb1\/4&#8243;][\/vc_column][vc_column width=\u00bb1\/2&#8243;][vc_column_text]<\/p>\n<h3 style=\"text-align: center\"><span style=\"color: #000000\"><strong>BOTAS T\u00c1CTICAS EN URUGUAY<\/strong><\/span><\/h3>\n<p><span style=\"color: #000000\">!Botas t\u00e1cticas para la <a href=\"https:\/\/es.wikipedia.org\/wiki\/Polic%C3%ADa_Nacional_de_Uruguay\" target=\"_blank\" rel=\"noopener\">Policia Nacional del Uruguay<\/a> y para equipos de seguridad!<\/span><\/p>\n<p><span style=\"color: #000000\">Es un <strong>calzado<\/strong> que tiene unas caracter\u00edsticas distintas, que lo hacen ideal para situaciones extremas de calor o fr\u00edo, para aguantar golpes fuertes y para terrenos accidentados e irregulares. OZAPATO ofrece 8 tipos de <strong>botas tacticas<\/strong> adaptadas a las necesidades del cliente al mejor precio.<\/span><\/p>\n<p><span style=\"color: #000000\">Las<strong> botas\u00a0 t\u00e1cticas y militares<\/strong> de OZAPATO, est\u00e1n dise\u00f1adas <strong>t\u00e1cticamente para policias y militares de Bolivia.\u00a0<\/strong><\/span><\/p>\n<p><span style=\"color: #000000\">Los <strong>zapatos t\u00e1cticos y militares<\/strong> <strong>COP 01, COP 02,<\/strong>\u00a0<strong>COP 03<\/strong>, fuer\u00f3n creadas centradas en el <a style=\"color: #000000\" href=\"https:\/\/es.wikipedia.org\/wiki\/Confort\" target=\"_blank\" rel=\"noopener\">confort<\/a> y\u00a0 con un\u00a0 <strong>dise\u00f1o moderno<\/strong>.Gracias a los mas avanzados materiales\u00a0 de OZAPATO y de las\u00a0 materias primas de fabricaci\u00f3n.Estos zapatos cumples las espectativas que solicitan nuestros clientes.<\/span><\/p>\n<p><span style=\"color: #000000\">Tambi\u00e9n <a style=\"color: #000000\" href=\"http:\/\/www.ozapato.com\/uy\/\">OZAPATO<\/a>, ofrece otro modelo de botas\u00a0 t\u00e1cticas y militares que son\u00a0 las botas <strong>COYOLT ,\u00a0<\/strong>surge de la necesidad de producir la bota de uniforme mas eficaz.Esta bota cumple con los est\u00e1ndares legendarios de <strong>construcci\u00f3n\u00a0 ligera<\/strong> y de rendimiento que cumplir\u00e1 satisfactoriamente\u00a0 sus expectativas.<\/span><\/p>\n<p><span style=\"color: #000000\">En cambio las <strong>OXFORD , <\/strong>aprobada con el tiempo y aprobada por los usuarios, el modelo oxford\u00a0 proporciona seguridad y las caracter\u00edsticas de rendimiento y su comodidad que usted desea.<\/span>[\/vc_column_text][\/vc_column][vc_column width=\u00bb1\/4&#8243;][\/vc_column][\/vc_row][vc_row][vc_column][vc_empty_space][\/vc_column][\/vc_row][vc_row type=\u00bbboxed\u00bb][vc_column][vc_cta h2=\u00bb\u00bb css=\u00bb.vc_custom_1590418767950{background-color: #dd3333 !important;}\u00bb]<\/p>\n<h4 style=\"text-align: center\"><span style=\"color: #ffffff\"><strong>\u00bfInteresado en Botas T\u00e1cticas? Recibe cotizaci\u00f3n en 24 hs.<\/strong><\/span><\/h4>\n<p>[\/vc_cta][\/vc_column][\/vc_row][vc_row type=\u00bbboxed\u00bb][vc_column][vc_column_text]<\/p>\n<pre><span style=\"color: #072040\"><span style=\"font-size: large\"><iframe loading=\"lazy\" height=\"800px\" width=\"100%\" frameborder=\"0\" allow=\"geolocation;microphone;camera\" src=\"https:\/\/forms.zohopublic.com\/virtualoffice9264\/form\/UYWebForm\/formperma\/OQZNSWRbJ-0Cb14OZheb3sreHrrdu_rvY9XTkaeh_3U\"> <\/iframe> <\/span><\/span><\/pre>\n<p>[\/vc_column_text][\/vc_column][\/vc_row][vc_row][vc_column][vc_empty_space][\/vc_column][\/vc_row][vc_row type=\u00bbboxed\u00bb][vc_column][vc_media_grid grid_id=\u00bbvc_gid:1590778033608-f21e2ea8-8cdd-6&#8243; include=\u00bb246,250,247&#8243;][\/vc_column][\/vc_row][vc_row][vc_column][vc_empty_space][\/vc_column][\/vc_row][vc_row][vc_column width=\u00bb1\/4&#8243;][\/vc_column][vc_column width=\u00bb1\/2&#8243;][vc_column_text]<\/p>\n<h3 style=\"text-align: center\"><span style=\"color: #000000\">BOTAS T\u00c1CTICAS Y MILITARES<\/span><\/h3>\n<p><span style=\"color: #000000\">Las <strong>Botas T\u00e1cticas y Militares<\/strong> deben ser:<\/span><\/p>\n<ul>\n<li><span style=\"color: #000000\"><strong>Impermeables y resistentes al agua.<\/strong><\/span><\/li>\n<li><span style=\"color: #000000\"><strong>Ca\u00f1a Alta y reforzada<\/strong><\/span><\/li>\n<li><span style=\"color: #000000\"><strong>Suela comfortable y comoda.<\/strong><\/span><\/li>\n<li><span style=\"color: #000000\"><strong>Cordones reforzados y de pl\u00e1stico.<\/strong><\/span><\/li>\n<\/ul>\n<p><span style=\"color: #000000\">Las<strong> Botas Militares<\/strong> son utilizadas y fabricadas para cuerpos de seguridad del Estado, como para empresas privadas de seguridad.<\/span><\/p>\n<p><span style=\"color: #000000\">La <strong>Polic\u00eda Nacional de Uruguay<\/strong>, es una entidad polic\u00edas creada el 18 de diciembre de 1829, compuesta por personas civiles. Esta instituci\u00f3n depende del Poder Ejecutivo por medio del Ministerio del Interior de la <a style=\"color: #000000\" href=\"https:\/\/www.presidencia.gub.uy\/\" target=\"_blank\" rel=\"noopener\">Rep\u00fablica Oriental del Uruguay.<\/a><\/span>[\/vc_column_text][\/vc_column][vc_column width=\u00bb1\/4&#8243;][\/vc_column][\/vc_row][vc_row][vc_column][vc_empty_space][\/vc_column][\/vc_row][vc_row][vc_column][vc_column_text]\n<div id=\"sb_instagram\"  class=\"sbi sbi_mob_col_1 sbi_tab_col_2 sbi_col_4\" style=\"padding-bottom: 10px; width: 100%;\"\t data-feedid=\"sbi_17841401193873551#20\"  data-res=\"auto\" data-cols=\"4\" data-colsmobile=\"1\" data-colstablet=\"2\" data-num=\"20\" data-nummobile=\"\" data-item-padding=\"5\"\t data-shortcode-atts=\"{}\"  data-postid=\"45\" data-locatornonce=\"975f26e27f\" data-imageaspectratio=\"1:1\" data-sbi-flags=\"favorLocal,gdpr\">\n\t\n\t<div id=\"sbi_images\"  style=\"gap: 10px;\">\n\t\t\t<\/div>\n\n\t<div id=\"sbi_load\" >\n\n\t\n\t\t\t<span class=\"sbi_follow_btn\" >\n\t\t\t<a target=\"_blank\" rel=\"nofollow noopener\" href=\"https:\/\/www.instagram.com\/17841401193873551\/\">\n\t\t\t\t<svg class=\"svg-inline--fa fa-instagram fa-w-14\" aria-hidden=\"true\" data-fa-processed=\"\" aria-label=\"Instagram\" data-prefix=\"fab\" data-icon=\"instagram\" role=\"img\" viewBox=\"0 0 448 512\">\n                    <path fill=\"currentColor\" d=\"M224.1 141c-63.6 0-114.9 51.3-114.9 114.9s51.3 114.9 114.9 114.9S339 319.5 339 255.9 287.7 141 224.1 141zm0 189.6c-41.1 0-74.7-33.5-74.7-74.7s33.5-74.7 74.7-74.7 74.7 33.5 74.7 74.7-33.6 74.7-74.7 74.7zm146.4-194.3c0 14.9-12 26.8-26.8 26.8-14.9 0-26.8-12-26.8-26.8s12-26.8 26.8-26.8 26.8 12 26.8 26.8zm76.1 27.2c-1.7-35.9-9.9-67.7-36.2-93.9-26.2-26.2-58-34.4-93.9-36.2-37-2.1-147.9-2.1-184.9 0-35.8 1.7-67.6 9.9-93.9 36.1s-34.4 58-36.2 93.9c-2.1 37-2.1 147.9 0 184.9 1.7 35.9 9.9 67.7 36.2 93.9s58 34.4 93.9 36.2c37 2.1 147.9 2.1 184.9 0 35.9-1.7 67.7-9.9 93.9-36.2 26.2-26.2 34.4-58 36.2-93.9 2.1-37 2.1-147.8 0-184.8zM398.8 388c-7.8 19.6-22.9 34.7-42.6 42.6-29.5 11.7-99.5 9-132.1 9s-102.7 2.6-132.1-9c-19.6-7.8-34.7-22.9-42.6-42.6-11.7-29.5-9-99.5-9-132.1s-2.6-102.7 9-132.1c7.8-19.6 22.9-34.7 42.6-42.6 29.5-11.7 99.5-9 132.1-9s102.7-2.6 132.1 9c19.6 7.8 34.7 22.9 42.6 42.6 11.7 29.5 9 99.5 9 132.1s2.7 102.7-9 132.1z\"><\/path>\n                <\/svg>\t\t\t\t<span>S\u00edguenos en Instagram<\/span>\n\t\t\t<\/a>\n\t\t<\/span>\n\t\n<\/div>\n\t\t<span class=\"sbi_resized_image_data\" data-feed-id=\"sbi_17841401193873551#20\"\n\t\t  data-resized=\"[]\">\n\t<\/span>\n\t<\/div>\n\n[\/vc_column_text][\/vc_column][\/vc_row]<\/p>\n","protected":false},"excerpt":{"rendered":"<p>[vc_row video_bg=\u00bbyes\u00bb video_bg_url=\u00bbhttps:\/\/www.youtube.com\/watch?v=__oq67bsM8A \u00ab][vc_column][vc_column_text css=\u00bb.vc_custom_1590416705018{padding-top: 32px !important;}\u00bb] T\u00c1CTICAS [\/vc_column_text][\/vc_column][\/vc_row][vc_row][vc_column][vc_empty_space][\/vc_column][\/vc_row][vc_row][vc_column width=\u00bb1\/4&#8243;][\/vc_column][vc_column width=\u00bb1\/2&#8243;][vc_column_text] BOTAS T\u00c1CTICAS EN URUGUAY !Botas t\u00e1cticas para la Policia Nacional del Uruguay y para equipos de seguridad! Es un calzado que tiene unas caracter\u00edsticas distintas, que lo hacen ideal para situaciones extremas de calor o fr\u00edo, para aguantar golpes fuertes y para terrenos accidentados [&hellip;]<\/p>\n","protected":false},"author":350,"featured_media":0,"parent":0,"menu_order":0,"comment_status":"closed","ping_status":"closed","template":"page-full-width.php","meta":{"footnotes":""},"class_list":["post-45","page","type-page","status-publish","hentry"],"_links":{"self":[{"href":"https:\/\/ozapato.com\/uy\/wp-json\/wp\/v2\/pages\/45","targetHints":{"allow":["GET"]}}],"collection":[{"href":"https:\/\/ozapato.com\/uy\/wp-json\/wp\/v2\/pages"}],"about":[{"href":"https:\/\/ozapato.com\/uy\/wp-json\/wp\/v2\/types\/page"}],"author":[{"embeddable":true,"href":"https:\/\/ozapato.com\/uy\/wp-json\/wp\/v2\/users\/350"}],"replies":[{"embeddable":true,"href":"https:\/\/ozapato.com\/uy\/wp-json\/wp\/v2\/comments?post=45"}],"version-history":[{"count":12,"href":"https:\/\/ozapato.com\/uy\/wp-json\/wp\/v2\/pages\/45\/revisions"}],"predecessor-version":[{"id":251,"href":"https:\/\/ozapato.com\/uy\/wp-json\/wp\/v2\/pages\/45\/revisions\/251"}],"wp:attachment":[{"href":"https:\/\/ozapato.com\/uy\/wp-json\/wp\/v2\/media?parent=45"}],"curies":[{"name":"wp","href":"https:\/\/api.w.org\/{rel}","templated":true}]}}