{"id":65,"date":"2020-05-25T15:41:38","date_gmt":"2020-05-25T15:41:38","guid":{"rendered":"https:\/\/ozapato.com\/uy\/?page_id=65"},"modified":"2020-06-01T15:25:54","modified_gmt":"2020-06-01T15:25:54","slug":"agricultura","status":"publish","type":"page","link":"https:\/\/ozapato.com\/uy\/agricultura\/","title":{"rendered":"AGR\u00cdCULTURA"},"content":{"rendered":"<p>[vc_row video_bg=\u00bbyes\u00bb video_bg_url=\u00bb https:\/\/www.youtube.com\/watch?v=__oq67bsM8A \u00ab][vc_column][vc_column_text css=\u00bb.vc_custom_1591022975945{padding-top: 32px !important;}\u00bb]<\/p>\n<h3 style=\"text-align: center\"><span style=\"color: #ffffff\">AGR\u00cdCULTURA<\/span><\/h3>\n<p>[\/vc_column_text][\/vc_column][\/vc_row][vc_row][vc_column][vc_empty_space][\/vc_column][\/vc_row][vc_row type=\u00bbboxed\u00bb][vc_column width=\u00bb1\/4&#8243;][\/vc_column][vc_column width=\u00bb1\/2&#8243;][vc_column_text]<\/p>\n<h3 style=\"text-align: center\"><strong>BOTAS IMPERMEABLES PARA EL SECTRO AGROINDUSTRIAL<\/strong><\/h3>\n<p><span style=\"color: #000000\"><span style=\"font-size: large\">Las <strong>botas impermeables<\/strong> de OZAPATO, est\u00e1n fabricadas exclusivamente para el sector de la agroindustria de la Rep\u00fablica Oriental del Uruguay.<\/span><\/span><\/p>\n<p><span style=\"color: #000000\">La econom\u00eda de Uruguay se divide en 4 grandes sectores:<\/span><\/p>\n<ul>\n<li><span style=\"color: #000000\"><strong> <span style=\"font-size: large\">Agricultura<\/span><\/strong><\/span><\/li>\n<li><span style=\"color: #000000\"><strong><span style=\"font-size: large\">Ganader\u00eda<\/span><\/strong><\/span><\/li>\n<li><span style=\"color: #000000\"><strong><span style=\"font-size: large\">Forestaci\u00f3n<\/span><\/strong><\/span><\/li>\n<\/ul>\n<p><span style=\"color: #000000\"><span style=\"font-size: large\">La industrializaci\u00f3n de estos productos del sector primario.<\/span><\/span><\/p>\n<p><span style=\"color: #000000\"><span style=\"font-size: large\">Alrededor del 90% del territorio del Uruguay es f\u00e9rtil para la producci\u00f3n agr\u00edcola.<\/span> <span style=\"font-size: large\">Donde<\/span><span style=\"font-size: large\"> se destinan 17 millones para estos sectores, que posteriormente ser\u00e1n destinadas al consumo interno del pa\u00eds, industrializaci\u00f3n y exportaci\u00f3n.<\/span><\/span>[\/vc_column_text][\/vc_column][vc_column width=\u00bb1\/4&#8243;][\/vc_column][\/vc_row][vc_row][vc_column][vc_empty_space][\/vc_column][\/vc_row][vc_row type=\u00bbboxed\u00bb][vc_column][vc_cta h2=\u00bb\u00bb css=\u00bb.vc_custom_1590425224790{background-color: #dd3333 !important;}\u00bb]<\/p>\n<h4 style=\"text-align: center\"><strong><span style=\"color: #ffffff\">\u00bfInteresado en Botas impermeables? Recibe cotizaci\u00f3n en 24 hs.<\/span><\/strong><\/h4>\n<p>[\/vc_cta][\/vc_column][\/vc_row][vc_row type=\u00bbboxed\u00bb][vc_column][vc_column_text]<\/p>\n<pre><span style=\"color: #072040\"><span style=\"font-size: large\"><iframe loading=\"lazy\" height=\"800px\" width=\"100%\" frameborder=\"0\" allow=\"geolocation;microphone;camera\" src=\"https:\/\/forms.zohopublic.com\/virtualoffice9264\/form\/UYWebForm\/formperma\/OQZNSWRbJ-0Cb14OZheb3sreHrrdu_rvY9XTkaeh_3U\"> <\/iframe> <\/span><\/span><\/pre>\n<p>[\/vc_column_text][\/vc_column][\/vc_row][vc_row][vc_column][vc_empty_space][\/vc_column][\/vc_row][vc_row type=\u00bbboxed\u00bb][vc_column][vc_media_grid grid_id=\u00bbvc_gid:1591022983775-01630ca3-8871-1&#8243; include=\u00bb274,72,273&#8243;][\/vc_column][\/vc_row][vc_row][vc_column][vc_empty_space][\/vc_column][\/vc_row][vc_row][vc_column width=\u00bb1\/4&#8243;][\/vc_column][vc_column width=\u00bb1\/2&#8243;][vc_column_text]<\/p>\n<h4 style=\"text-align: center\"><span style=\"color: #000000\"><strong>CARACTER\u00cdSTICAS DE UN BUEN CALZADO AGR\u00cdCOLA<\/strong><\/span><\/h4>\n<p style=\"text-align: left\"><span style=\"color: #000000\">Conocer las caracter\u00edsticas de las<strong>\u00a0botas de seguridad<\/strong>\u00a0es indispensable a la hora de elegir unas<strong>\u00a0botas de seguridad laboral<\/strong>.Ya que es vital para elegir el zapato m\u00e1s adecuado segun la actividad a la que te dedicas:<\/span><\/p>\n<ul style=\"text-align: left\">\n<li><span style=\"color: #000000\">Miner\u00eda.<\/span><\/li>\n<li><span style=\"color: #000000\">Industrial.<\/span><\/li>\n<li><span style=\"color: #000000\">Portuaria.<\/span><\/li>\n<li><span style=\"color: #000000\">Diel\u00e9ctrica.<\/span><\/li>\n<li><span style=\"color: #000000\">T\u00e1cticas.<\/span><\/li>\n<li><span style=\"color: #000000\">Restauraci\u00f3n.<\/span><\/li>\n<li><span style=\"color: #000000\">Soldador.<\/span><\/li>\n<\/ul>\n<p style=\"text-align: left\"><span style=\"color: #000000\">Por esta raz\u00f3n, una investigaci\u00f3n previa te permitir\u00e1 hacer una selecci\u00f3n adecuada de tus nueva adquisici\u00f3n; si conoces las exigencias f\u00edsicas y ambientales donde realizar\u00e1s tu trabajo.<\/span><\/p>\n<p style=\"text-align: left\"><span style=\"color: #000000\">Tambi\u00e9n hay que tener en cuenta los posibles\u00a0<a style=\"color: #000000\" href=\"https:\/\/www.isotools.org\/2015\/09\/10\/riesgo-laboral-definicion-y-conceptos-basicos\/\" target=\"_blank\" rel=\"noopener noreferrer\">riesgos laborales<\/a>\u00a0que puedes\u00a0 tener seg\u00fan tu \u00e1rea de trabajo, y donde tus pies estar\u00e1n expuestos: Puertos, Gasolineras, Metalurgia, Cocinas,etc.<\/span><\/p>\n<p style=\"text-align: left\"><span style=\"color: #000000\">En las zonas de trabajo los pies son vulnerables a:<\/span><\/p>\n<ul style=\"text-align: left\">\n<li><span style=\"color: #000000\"><strong>Descargas el\u00e9ctricas<\/strong>\u00a0en \u00e1rea con gran exposici\u00f3n el\u00e9ctrica.<\/span><\/li>\n<li><span style=\"color: #000000\"><a style=\"color: #000000\" href=\"https:\/\/ozapato.com\/bo\/botas-tacticas-militares\/\"><strong>Deslizamientos y torceduras<\/strong><\/a>\u00a0en \u00e1reas resbaladizas o mojadas.<\/span><\/li>\n<li><span style=\"color: #000000\"><strong>Lesiones en la piel<\/strong>\u00a0por\u00a0<strong>quemaduras<\/strong>\u00a0al exponerse en \u00e1reas donde se manipulen\u00a0<a style=\"color: #000000\" href=\"https:\/\/es.wikipedia.org\/wiki\/Producto_qu%C3%ADmico\" target=\"_blank\" rel=\"noopener noreferrer\">productos qu\u00edmicos<\/a>\u00a0o corrosivos.<\/span><\/li>\n<\/ul>\n<p style=\"text-align: left\"><span style=\"color: #000000\">Por estas razones,\u00a0<a style=\"color: #000000\" href=\"http:\/\/www.ozapato.com\/\">OZAPATO<\/a>,\u00a0te ofrece las 5\u00a0<strong>caracter\u00edsticas claves que debe tener unas botas de seguridad.<\/strong><\/span><\/p>\n<p style=\"text-align: left\"><span style=\"color: #000000\">1.Las botas de seguridad deben tener suela<strong>\u00a0antideslizante<\/strong><\/span><\/p>\n<p style=\"text-align: left\"><span style=\"color: #000000\">2.El <strong>calzado de seguridad<\/strong> debe tener resistencia al agua.<\/span><\/p>\n<p style=\"text-align: left\"><span style=\"color: #000000\">3.Los <a style=\"color: #000000\" href=\"https:\/\/es.wikipedia.org\/wiki\/Calzado_de_protecci%C3%B3n\" target=\"_blank\" rel=\"noopener\">zapatos de seguridad<\/a> deben ser flexibles, c\u00f3modos y confortables para largas jornada de trabajo.<\/span><\/p>\n<p style=\"text-align: left\"><span style=\"color: #000000\">4.La\u00a0puntera de seguridad\u00a0es esencial para la protecci\u00f3n de tus pies.<\/span><\/p>\n<p><span style=\"color: #000000\">5.Las <strong>botas de seguridad<\/strong> deben ser aislantes contra el fr\u00edo y la electricidad.<\/span>[\/vc_column_text][\/vc_column][vc_column width=\u00bb1\/4&#8243;][\/vc_column][\/vc_row][vc_row][vc_column][vc_empty_space][\/vc_column][\/vc_row][vc_row][vc_column][vc_column_text]\n<div id=\"sb_instagram\"  class=\"sbi sbi_mob_col_1 sbi_tab_col_2 sbi_col_4\" style=\"padding-bottom: 10px; width: 100%;\"\t data-feedid=\"sbi_17841401193873551#20\"  data-res=\"auto\" data-cols=\"4\" data-colsmobile=\"1\" data-colstablet=\"2\" data-num=\"20\" data-nummobile=\"\" data-item-padding=\"5\"\t data-shortcode-atts=\"{}\"  data-postid=\"65\" data-locatornonce=\"490afadee2\" data-imageaspectratio=\"1:1\" data-sbi-flags=\"favorLocal,gdpr\">\n\t\n\t<div id=\"sbi_images\"  style=\"gap: 10px;\">\n\t\t\t<\/div>\n\n\t<div id=\"sbi_load\" >\n\n\t\n\t\t\t<span class=\"sbi_follow_btn\" >\n\t\t\t<a target=\"_blank\" rel=\"nofollow noopener\" href=\"https:\/\/www.instagram.com\/17841401193873551\/\">\n\t\t\t\t<svg class=\"svg-inline--fa fa-instagram fa-w-14\" aria-hidden=\"true\" data-fa-processed=\"\" aria-label=\"Instagram\" data-prefix=\"fab\" data-icon=\"instagram\" role=\"img\" viewBox=\"0 0 448 512\">\n                    <path fill=\"currentColor\" d=\"M224.1 141c-63.6 0-114.9 51.3-114.9 114.9s51.3 114.9 114.9 114.9S339 319.5 339 255.9 287.7 141 224.1 141zm0 189.6c-41.1 0-74.7-33.5-74.7-74.7s33.5-74.7 74.7-74.7 74.7 33.5 74.7 74.7-33.6 74.7-74.7 74.7zm146.4-194.3c0 14.9-12 26.8-26.8 26.8-14.9 0-26.8-12-26.8-26.8s12-26.8 26.8-26.8 26.8 12 26.8 26.8zm76.1 27.2c-1.7-35.9-9.9-67.7-36.2-93.9-26.2-26.2-58-34.4-93.9-36.2-37-2.1-147.9-2.1-184.9 0-35.8 1.7-67.6 9.9-93.9 36.1s-34.4 58-36.2 93.9c-2.1 37-2.1 147.9 0 184.9 1.7 35.9 9.9 67.7 36.2 93.9s58 34.4 93.9 36.2c37 2.1 147.9 2.1 184.9 0 35.9-1.7 67.7-9.9 93.9-36.2 26.2-26.2 34.4-58 36.2-93.9 2.1-37 2.1-147.8 0-184.8zM398.8 388c-7.8 19.6-22.9 34.7-42.6 42.6-29.5 11.7-99.5 9-132.1 9s-102.7 2.6-132.1-9c-19.6-7.8-34.7-22.9-42.6-42.6-11.7-29.5-9-99.5-9-132.1s-2.6-102.7 9-132.1c7.8-19.6 22.9-34.7 42.6-42.6 29.5-11.7 99.5-9 132.1-9s102.7-2.6 132.1 9c19.6 7.8 34.7 22.9 42.6 42.6 11.7 29.5 9 99.5 9 132.1s2.7 102.7-9 132.1z\"><\/path>\n                <\/svg>\t\t\t\t<span>S\u00edguenos en Instagram<\/span>\n\t\t\t<\/a>\n\t\t<\/span>\n\t\n<\/div>\n\t\t<span class=\"sbi_resized_image_data\" data-feed-id=\"sbi_17841401193873551#20\"\n\t\t  data-resized=\"[]\">\n\t<\/span>\n\t<\/div>\n\n[\/vc_column_text][\/vc_column][\/vc_row]<\/p>\n","protected":false},"excerpt":{"rendered":"<p>[vc_row video_bg=\u00bbyes\u00bb video_bg_url=\u00bb https:\/\/www.youtube.com\/watch?v=__oq67bsM8A \u00ab][vc_column][vc_column_text css=\u00bb.vc_custom_1591022975945{padding-top: 32px !important;}\u00bb] AGR\u00cdCULTURA [\/vc_column_text][\/vc_column][\/vc_row][vc_row][vc_column][vc_empty_space][\/vc_column][\/vc_row][vc_row type=\u00bbboxed\u00bb][vc_column width=\u00bb1\/4&#8243;][\/vc_column][vc_column width=\u00bb1\/2&#8243;][vc_column_text] BOTAS IMPERMEABLES PARA EL SECTRO AGROINDUSTRIAL Las botas impermeables de OZAPATO, est\u00e1n fabricadas exclusivamente para el sector de la agroindustria de la Rep\u00fablica Oriental del Uruguay. La econom\u00eda de Uruguay se divide en 4 grandes sectores: Agricultura Ganader\u00eda Forestaci\u00f3n La industrializaci\u00f3n de [&hellip;]<\/p>\n","protected":false},"author":350,"featured_media":0,"parent":0,"menu_order":0,"comment_status":"closed","ping_status":"closed","template":"page-full-width.php","meta":{"footnotes":""},"class_list":["post-65","page","type-page","status-publish","hentry"],"_links":{"self":[{"href":"https:\/\/ozapato.com\/uy\/wp-json\/wp\/v2\/pages\/65","targetHints":{"allow":["GET"]}}],"collection":[{"href":"https:\/\/ozapato.com\/uy\/wp-json\/wp\/v2\/pages"}],"about":[{"href":"https:\/\/ozapato.com\/uy\/wp-json\/wp\/v2\/types\/page"}],"author":[{"embeddable":true,"href":"https:\/\/ozapato.com\/uy\/wp-json\/wp\/v2\/users\/350"}],"replies":[{"embeddable":true,"href":"https:\/\/ozapato.com\/uy\/wp-json\/wp\/v2\/comments?post=65"}],"version-history":[{"count":12,"href":"https:\/\/ozapato.com\/uy\/wp-json\/wp\/v2\/pages\/65\/revisions"}],"predecessor-version":[{"id":275,"href":"https:\/\/ozapato.com\/uy\/wp-json\/wp\/v2\/pages\/65\/revisions\/275"}],"wp:attachment":[{"href":"https:\/\/ozapato.com\/uy\/wp-json\/wp\/v2\/media?parent=65"}],"curies":[{"name":"wp","href":"https:\/\/api.w.org\/{rel}","templated":true}]}}