{"id":78,"date":"2020-05-25T19:26:09","date_gmt":"2020-05-25T19:26:09","guid":{"rendered":"https:\/\/ozapato.com\/uy\/?page_id=78"},"modified":"2020-06-01T17:12:33","modified_gmt":"2020-06-01T17:12:33","slug":"calzado-dielectrico","status":"publish","type":"page","link":"https:\/\/ozapato.com\/uy\/calzado-dielectrico\/","title":{"rendered":"DIEL\u00c9CTRICAS"},"content":{"rendered":"<p>[vc_row video_bg=\u00bbyes\u00bb video_bg_url=\u00bbhttps:\/\/www.youtube.com\/watch?v=__oq67bsM8A \u00ab][vc_column][vc_column_text css=\u00bb.vc_custom_1590432635819{padding-top: 32px !important;}\u00bb]<\/p>\n<h3 style=\"text-align: center\"><span style=\"color: #ffffff\"><strong>DIEL\u00c9CTRICO<\/strong><\/span><\/h3>\n<p>[\/vc_column_text][\/vc_column][\/vc_row][vc_row][vc_column][vc_empty_space][\/vc_column][\/vc_row][vc_row][vc_column width=\u00bb1\/4&#8243;][\/vc_column][vc_column width=\u00bb1\/2&#8243;][vc_column_text]<\/p>\n<h3 style=\"text-align: center\"><strong>CALZADO DIEL\u00c9CTRICO EN URUGUAY<\/strong><\/h3>\n<p><span style=\"color: #000000\">Existen dos tipos de<a style=\"color: #000000\" href=\"https:\/\/ozapato.com\/uy\/agricultura\/\"> zapatos y botas de seguridad<\/a> que debes utilizar a la hora de realizar trabajos en \u00e1reas el\u00e9ctricas:<\/span><\/p>\n<ul>\n<li style=\"text-align: left\"><span style=\"color: #000000\">Calzado Aislante.<\/span><\/li>\n<li style=\"text-align: left\"><span style=\"color: #000000\">Calzado Antiestatico.<\/span><\/li>\n<\/ul>\n<p><strong><span style=\"color: #000000\">1.Calzado Aislante:<\/span><\/strong><\/p>\n<p><span style=\"color: #000000\">El calzado diel\u00e9ctrico o aislante tiene la funci\u00f3n de proteger a las personas que trabajan directamente con la <a style=\"color: #000000\" href=\"https:\/\/es.wikipedia.org\/wiki\/Electricidad\" target=\"_blank\" rel=\"noopener\">el\u00e9ctricidad<\/a>.Donde las botas diel\u00e9ctricas y zapatos diel\u00e9ctricos o aislantes deben soportar una gran resistencia el\u00e9ctrica funcionando como aislante del cuerpo humano.<\/span><\/p>\n<p><strong><span style=\"color: #000000\">2.Calzado Antiestatico:<\/span><\/strong><\/p>\n<p><span style=\"color: #000000\">Los calzados antiest\u00e1ticos o conductivos, se utilizan en \u00e1reas de trabajo con baja electricidad con la funci\u00f3n de esparcir las corrientes est\u00e1ticas, y favorecer que la corriente circule a trav\u00e9s del trabajador y se descargue.<\/span>[\/vc_column_text][\/vc_column][vc_column width=\u00bb1\/4&#8243;][\/vc_column][\/vc_row][vc_row][vc_column][vc_empty_space][\/vc_column][\/vc_row][vc_row type=\u00bbboxed\u00bb][vc_column][vc_cta h2=\u00bb\u00bb css=\u00bb.vc_custom_1590433550141{background-color: #dd3333 !important;}\u00bb]<\/p>\n<h4 style=\"text-align: center\"><span style=\"color: #ffffff\"><strong>\u00bfInteresado en calzado diel\u00e9ctrico? Cotizaci\u00f3n en 24 hs.<\/strong><\/span><\/h4>\n<p>[\/vc_cta][\/vc_column][\/vc_row][vc_row type=\u00bbboxed\u00bb][vc_column][vc_column_text]<\/p>\n<pre><span style=\"font-size: large\"><span style=\"color: #072040\"><iframe loading=\"lazy\" height=\"800px\" width=\"100%\" frameborder=\"0\" allow=\"geolocation;microphone;camera\" src=\"https:\/\/forms.zohopublic.com\/virtualoffice9264\/form\/UYWebForm\/formperma\/OQZNSWRbJ-0Cb14OZheb3sreHrrdu_rvY9XTkaeh_3U\"> <\/iframe> <\/span><\/span><\/pre>\n<p>[\/vc_column_text][\/vc_column][\/vc_row][vc_row][vc_column][vc_empty_space][\/vc_column][\/vc_row][vc_row][vc_column][vc_media_grid grid_id=\u00bbvc_gid:1591030288925-280740c6-76a5-2&#8243; include=\u00bb164,279,80&#8243;][\/vc_column][\/vc_row][vc_row][vc_column][vc_empty_space][\/vc_column][\/vc_row][vc_row][vc_column width=\u00bb1\/4&#8243;][\/vc_column][vc_column width=\u00bb1\/2&#8243;][vc_column_text]<\/p>\n<h4 style=\"text-align: center\"><span style=\"color: #000000\"><strong>MEDIDAS DE PRECAUCI\u00d3N PARA TRABAJAR CON EL\u00c9CTRICIDAD<\/strong><\/span><\/h4>\n<ul>\n<li><span style=\"color: #000000\">Se debe utilizar <a style=\"color: #000000\" href=\"http:\/\/www.ozapato.com\/uy\/\">zapatos de seguridad<\/a> adecuados para este trabajo.<\/span><\/li>\n<li><span style=\"color: #000000\">El trabajador debe vestirse con equipo de seguridad que lo aisle de la <a style=\"color: #000000\" href=\"https:\/\/es.wikipedia.org\/wiki\/Electricidad\" target=\"_blank\" rel=\"noopener\">electricidad<\/a> y posibles corto circuitos.La ropa debe ser ajustada al cuerpo humano.<\/span><\/li>\n<li><span style=\"color: #000000\">Las <strong>botas antideslizantes<\/strong> son recomendables usarlas cuando se trabaja muy cerca de baterias o cables electricos: <a style=\"color: #000000\" href=\"https:\/\/es.wikipedia.org\/wiki\/Cable_de_alta_tensi%C3%B3n\" target=\"_blank\" rel=\"noopener\"><strong>cables\u00a0 de alta tensi\u00f3n<\/strong><\/a>.\u00a0<\/span><\/li>\n<li><span style=\"color: #000000\">Se debe manipular la electrcidad con una mano y con herramientas de trabajo adecuadas para trabajar con la electrcidad como las barras aisladoras.<\/span><\/li>\n<li><span style=\"color: #000000\">Por \u00faltimo, usar guantes de alto voltaje cuando se manipula l\u00edneas de alto voltaje.Tambi\u00e9n se debe cubrir los cables con materiales a\u00edslantes.<\/span><\/li>\n<\/ul>\n<p>[\/vc_column_text][\/vc_column][vc_column width=\u00bb1\/4&#8243;][\/vc_column][\/vc_row][vc_row][vc_column][vc_empty_space][\/vc_column][\/vc_row][vc_row][vc_column][vc_column_text]\n<div id=\"sb_instagram\"  class=\"sbi sbi_mob_col_1 sbi_tab_col_2 sbi_col_4\" style=\"padding-bottom: 10px; width: 100%;\"\t data-feedid=\"sbi_17841401193873551#20\"  data-res=\"auto\" data-cols=\"4\" data-colsmobile=\"1\" data-colstablet=\"2\" data-num=\"20\" data-nummobile=\"\" data-item-padding=\"5\"\t data-shortcode-atts=\"{}\"  data-postid=\"78\" data-locatornonce=\"843dd5da1e\" data-imageaspectratio=\"1:1\" data-sbi-flags=\"favorLocal,gdpr\">\n\t\n\t<div id=\"sbi_images\"  style=\"gap: 10px;\">\n\t\t\t<\/div>\n\n\t<div id=\"sbi_load\" >\n\n\t\n\t\t\t<span class=\"sbi_follow_btn\" >\n\t\t\t<a target=\"_blank\" rel=\"nofollow noopener\" href=\"https:\/\/www.instagram.com\/17841401193873551\/\">\n\t\t\t\t<svg class=\"svg-inline--fa fa-instagram fa-w-14\" aria-hidden=\"true\" data-fa-processed=\"\" aria-label=\"Instagram\" data-prefix=\"fab\" data-icon=\"instagram\" role=\"img\" viewBox=\"0 0 448 512\">\n                    <path fill=\"currentColor\" d=\"M224.1 141c-63.6 0-114.9 51.3-114.9 114.9s51.3 114.9 114.9 114.9S339 319.5 339 255.9 287.7 141 224.1 141zm0 189.6c-41.1 0-74.7-33.5-74.7-74.7s33.5-74.7 74.7-74.7 74.7 33.5 74.7 74.7-33.6 74.7-74.7 74.7zm146.4-194.3c0 14.9-12 26.8-26.8 26.8-14.9 0-26.8-12-26.8-26.8s12-26.8 26.8-26.8 26.8 12 26.8 26.8zm76.1 27.2c-1.7-35.9-9.9-67.7-36.2-93.9-26.2-26.2-58-34.4-93.9-36.2-37-2.1-147.9-2.1-184.9 0-35.8 1.7-67.6 9.9-93.9 36.1s-34.4 58-36.2 93.9c-2.1 37-2.1 147.9 0 184.9 1.7 35.9 9.9 67.7 36.2 93.9s58 34.4 93.9 36.2c37 2.1 147.9 2.1 184.9 0 35.9-1.7 67.7-9.9 93.9-36.2 26.2-26.2 34.4-58 36.2-93.9 2.1-37 2.1-147.8 0-184.8zM398.8 388c-7.8 19.6-22.9 34.7-42.6 42.6-29.5 11.7-99.5 9-132.1 9s-102.7 2.6-132.1-9c-19.6-7.8-34.7-22.9-42.6-42.6-11.7-29.5-9-99.5-9-132.1s-2.6-102.7 9-132.1c7.8-19.6 22.9-34.7 42.6-42.6 29.5-11.7 99.5-9 132.1-9s102.7-2.6 132.1 9c19.6 7.8 34.7 22.9 42.6 42.6 11.7 29.5 9 99.5 9 132.1s2.7 102.7-9 132.1z\"><\/path>\n                <\/svg>\t\t\t\t<span>S\u00edguenos en Instagram<\/span>\n\t\t\t<\/a>\n\t\t<\/span>\n\t\n<\/div>\n\t\t<span class=\"sbi_resized_image_data\" data-feed-id=\"sbi_17841401193873551#20\"\n\t\t  data-resized=\"[]\">\n\t<\/span>\n\t<\/div>\n\n[\/vc_column_text][\/vc_column][\/vc_row]<\/p>\n","protected":false},"excerpt":{"rendered":"<p>[vc_row video_bg=\u00bbyes\u00bb video_bg_url=\u00bbhttps:\/\/www.youtube.com\/watch?v=__oq67bsM8A \u00ab][vc_column][vc_column_text css=\u00bb.vc_custom_1590432635819{padding-top: 32px !important;}\u00bb] DIEL\u00c9CTRICO [\/vc_column_text][\/vc_column][\/vc_row][vc_row][vc_column][vc_empty_space][\/vc_column][\/vc_row][vc_row][vc_column width=\u00bb1\/4&#8243;][\/vc_column][vc_column width=\u00bb1\/2&#8243;][vc_column_text] CALZADO DIEL\u00c9CTRICO EN URUGUAY Existen dos tipos de zapatos y botas de seguridad que debes utilizar a la hora de realizar trabajos en \u00e1reas el\u00e9ctricas: Calzado Aislante. Calzado Antiestatico. 1.Calzado Aislante: El calzado diel\u00e9ctrico o aislante tiene la funci\u00f3n de proteger a las personas [&hellip;]<\/p>\n","protected":false},"author":350,"featured_media":0,"parent":0,"menu_order":0,"comment_status":"closed","ping_status":"closed","template":"page-full-width.php","meta":{"footnotes":""},"class_list":["post-78","page","type-page","status-publish","hentry"],"_links":{"self":[{"href":"https:\/\/ozapato.com\/uy\/wp-json\/wp\/v2\/pages\/78","targetHints":{"allow":["GET"]}}],"collection":[{"href":"https:\/\/ozapato.com\/uy\/wp-json\/wp\/v2\/pages"}],"about":[{"href":"https:\/\/ozapato.com\/uy\/wp-json\/wp\/v2\/types\/page"}],"author":[{"embeddable":true,"href":"https:\/\/ozapato.com\/uy\/wp-json\/wp\/v2\/users\/350"}],"replies":[{"embeddable":true,"href":"https:\/\/ozapato.com\/uy\/wp-json\/wp\/v2\/comments?post=78"}],"version-history":[{"count":8,"href":"https:\/\/ozapato.com\/uy\/wp-json\/wp\/v2\/pages\/78\/revisions"}],"predecessor-version":[{"id":280,"href":"https:\/\/ozapato.com\/uy\/wp-json\/wp\/v2\/pages\/78\/revisions\/280"}],"wp:attachment":[{"href":"https:\/\/ozapato.com\/uy\/wp-json\/wp\/v2\/media?parent=78"}],"curies":[{"name":"wp","href":"https:\/\/api.w.org\/{rel}","templated":true}]}}